{"id":1249,"date":"2025-04-01T05:49:32","date_gmt":"2025-04-01T03:49:32","guid":{"rendered":"https:\/\/peregrinus.hu\/?page_id=1249"},"modified":"2025-06-06T12:41:23","modified_gmt":"2025-06-06T10:41:23","slug":"kiemelt-helyszinek","status":"publish","type":"page","link":"https:\/\/peregrinus.hu\/en\/kiemelt-helyszinek\/","title":{"rendered":"Featured sites"},"content":{"rendered":"<div class=\"wpb-content-wrapper\"><div class=\"vc_row wpb_row vc_row-fluid fooldal-kiemelt-helyszines\"><div class=\"wpb_column vc_column_container vc_col-sm-12 sc_layouts_column_icons_position_left\"><div class=\"vc_column-inner\"><div class=\"wpb_wrapper\"><div class=\"vc_empty_space  height_medium\"   style=\"height: 32px\"><span class=\"vc_empty_space_inner\"><\/span><\/div><div id=\"sc_title_814660060\"\r\n\t\tclass=\"sc_title color_style_default sc_title_default\"><h3 class=\"sc_item_title sc_title_title sc_align_center sc_item_title_style_default\">Regions<\/h3><\/div><!-- \/.sc_title --><div class=\"vc_empty_space  height_medium\"   style=\"height: 32px\"><span class=\"vc_empty_space_inner\"><\/span><\/div><div class=\"vc_tta-container\" data-vc-action=\"collapse\"><div class=\"vc_general vc_tta vc_tta-tabs vc_tta-color-grey vc_tta-style-classic vc_tta-shape-round vc_tta-spacing-1 vc_tta-o-no-fill vc_tta-tabs-position-top vc_tta-controls-align-center\"><div class=\"vc_tta-tabs-container\"><ul class=\"vc_tta-tabs-list\"><li class=\"vc_tta-tab vc_active\" data-vc-tab><a href=\"#minden-regio\" data-vc-tabs data-vc-container=\".vc_tta\"><span class=\"vc_tta-title-text\">All regions<\/span><\/a><\/li><li class=\"vc_tta-tab\" data-vc-tab><a href=\"#hargita\" data-vc-tabs data-vc-container=\".vc_tta\"><span class=\"vc_tta-title-text\">Harghita<\/span><\/a><\/li><li class=\"vc_tta-tab\" data-vc-tab><a href=\"#kovaszna\" data-vc-tabs data-vc-container=\".vc_tta\"><span class=\"vc_tta-title-text\">Covasna<\/span><\/a><\/li><li class=\"vc_tta-tab\" data-vc-tab><a href=\"#maros\" data-vc-tabs data-vc-container=\".vc_tta\"><span class=\"vc_tta-title-text\">Maros<\/span><\/a><\/li><\/ul><\/div><div class=\"vc_tta-panels-container\"><div class=\"vc_tta-panels\"><div class=\"vc_tta-panel vc_active\" id=\"minden-regio\" data-vc-content=\".vc_tta-panel-body\"><div class=\"vc_tta-panel-heading\"><h4 class=\"vc_tta-panel-title\"><a href=\"#minden-regio\" data-vc-accordion data-vc-container=\".vc_tta-container\"><span class=\"vc_tta-title-text\">All regions<\/span><\/a><\/h4><\/div><div class=\"vc_tta-panel-body\"><div id=\"sc_services_1143339166\" class=\"sc_services color_style_default sc_services_default sc_services_featured_top\"><div class=\"sc_services_columns sc_item_columns sc_item_columns_3 trx_addons_columns_wrap columns_padding_bottom\"><div class=\"trx_addons_column-1_3\"><div class=\"sc_services_item without_content with_image sc_services_item_featured_top\">\n\t<div class=\"post_featured with_thumb hover_icon sc_services_item_thumb\"><img loading=\"lazy\" decoding=\"async\" width=\"940\" height=\"910\" src=\"https:\/\/peregrinus.hu\/wp-content\/uploads\/2025\/03\/szh-vartemplom-940x910.jpg\" class=\"attachment-crown_art-thumb-serv size-crown_art-thumb-serv wp-post-image\" alt=\"Sz\u00e9kelyderzsi Unit\u00e1rius V\u00e1rtemplom\" \/><div class=\"mask\"><\/div><div class=\"icons\"><a href=\"https:\/\/peregrinus.hu\/en\/szekelyderzsi-unitarius-vartemplom\/\" aria-hidden=\"true\" class=\"icon-link-1\"><\/a><\/div><\/div><div class=\"sc_services_item_info\">\n\t\t<div class=\"sc_services_item_header\">\n\t\t\t<h3 class=\"sc_services_item_title\">\n\t\t\t<a href=\"https:\/\/peregrinus.hu\/en\/szekelyderzsi-unitarius-vartemplom\/\">Unitarian Castle Church of Sz\u00e9kelyderz<\/a>\n\t\t\t<\/h3>\n\t\t<\/div>\n\t\t\t<\/div>\n<\/div>\n<\/div><div class=\"trx_addons_column-1_3\"><div class=\"sc_services_item without_content with_image sc_services_item_featured_top\">\n\t<div class=\"post_featured with_thumb hover_icon sc_services_item_thumb\"><img loading=\"lazy\" decoding=\"async\" width=\"800\" height=\"534\" src=\"https:\/\/peregrinus.hu\/wp-content\/uploads\/2025\/03\/dalnoki-reformatus-templom.jpg\" class=\"attachment-crown_art-thumb-serv size-crown_art-thumb-serv wp-post-image\" alt=\"D\u00e1lnoki reform\u00e1tus templom\" srcset=\"https:\/\/peregrinus.hu\/wp-content\/uploads\/2025\/03\/dalnoki-reformatus-templom.jpg 800w, https:\/\/peregrinus.hu\/wp-content\/uploads\/2025\/03\/dalnoki-reformatus-templom-300x200.jpg 300w, https:\/\/peregrinus.hu\/wp-content\/uploads\/2025\/03\/dalnoki-reformatus-templom-768x513.jpg 768w, https:\/\/peregrinus.hu\/wp-content\/uploads\/2025\/03\/dalnoki-reformatus-templom-370x247.jpg 370w, https:\/\/peregrinus.hu\/wp-content\/uploads\/2025\/03\/dalnoki-reformatus-templom-760x507.jpg 760w\" sizes=\"auto, (max-width: 800px) 100vw, 800px\" \/><div class=\"mask\"><\/div><div class=\"icons\"><a href=\"https:\/\/peregrinus.hu\/en\/dalnoki-reformatus-templom\/\" aria-hidden=\"true\" class=\"icon-link-1\"><\/a><\/div><\/div><div class=\"sc_services_item_info\">\n\t\t<div class=\"sc_services_item_header\">\n\t\t\t<h3 class=\"sc_services_item_title\">\n\t\t\t<a href=\"https:\/\/peregrinus.hu\/en\/dalnoki-reformatus-templom\/\">D\u00e1lnok Reformed Church<\/a>\n\t\t\t<\/h3>\n\t\t<\/div>\n\t\t\t<\/div>\n<\/div>\n<\/div><div class=\"trx_addons_column-1_3\"><div class=\"sc_services_item without_content with_image sc_services_item_featured_top\">\n\t<div class=\"post_featured with_thumb hover_icon sc_services_item_thumb\"><img loading=\"lazy\" decoding=\"async\" width=\"940\" height=\"810\" src=\"https:\/\/peregrinus.hu\/wp-content\/uploads\/2025\/04\/kszt-header-940x810.jpg\" class=\"attachment-crown_art-thumb-serv size-crown_art-thumb-serv wp-post-image\" alt=\"Keresztel\u0151 Szent J\u00e1nos Pl\u00e9b\u00e1nia\" \/><div class=\"mask\"><\/div><div class=\"icons\"><a href=\"https:\/\/peregrinus.hu\/en\/keresztelo-szent-janos-plebania\/\" aria-hidden=\"true\" class=\"icon-link-1\"><\/a><\/div><\/div><div class=\"sc_services_item_info\">\n\t\t<div class=\"sc_services_item_header\">\n\t\t\t<h3 class=\"sc_services_item_title\">\n\t\t\t<a href=\"https:\/\/peregrinus.hu\/en\/keresztelo-szent-janos-plebania\/\">St John the Baptist Parish<\/a>\n\t\t\t<\/h3>\n\t\t<\/div>\n\t\t\t<\/div>\n<\/div>\n<\/div><div class=\"trx_addons_column-1_3\"><div class=\"sc_services_item without_content with_image sc_services_item_featured_top\">\n\t<div class=\"post_featured with_thumb hover_icon sc_services_item_thumb\"><img loading=\"lazy\" decoding=\"async\" width=\"940\" height=\"910\" src=\"https:\/\/peregrinus.hu\/wp-content\/uploads\/2025\/06\/Szent-Imre-RKT_VCV_DJI_0980_2048px-940x910.jpg\" class=\"attachment-crown_art-thumb-serv size-crown_art-thumb-serv wp-post-image\" alt=\"Szent Imre r\u00f3mai katolikus m\u0171eml\u00e9ktemplom\" \/><div class=\"mask\"><\/div><div class=\"icons\"><a href=\"https:\/\/peregrinus.hu\/en\/szent-imre-romai-katolikus-muemlektemplom\/\" aria-hidden=\"true\" class=\"icon-link-1\"><\/a><\/div><\/div><div class=\"sc_services_item_info\">\n\t\t<div class=\"sc_services_item_header\">\n\t\t\t<h3 class=\"sc_services_item_title\">\n\t\t\t<a href=\"https:\/\/peregrinus.hu\/en\/szent-imre-romai-katolikus-muemlektemplom\/\">St Imre Roman Catholic Monument Church<\/a>\n\t\t\t<\/h3>\n\t\t<\/div>\n\t\t\t<\/div>\n<\/div>\n<\/div><div class=\"trx_addons_column-1_3\"><div class=\"sc_services_item without_content with_image sc_services_item_featured_top\">\n\t<div class=\"post_featured with_thumb hover_icon sc_services_item_thumb\"><img loading=\"lazy\" decoding=\"async\" width=\"940\" height=\"910\" src=\"https:\/\/peregrinus.hu\/wp-content\/uploads\/2025\/06\/VCV_2022_Nagyajtai-vartemplom_0228_web-940x910.jpg\" class=\"attachment-crown_art-thumb-serv size-crown_art-thumb-serv wp-post-image\" alt=\"Unit\u00e1rius v\u00e1rtemplom &#8211; Nagyajta\" \/><div class=\"mask\"><\/div><div class=\"icons\"><a href=\"https:\/\/peregrinus.hu\/en\/unitarius-vartemplom-nagyajta\/\" aria-hidden=\"true\" class=\"icon-link-1\"><\/a><\/div><\/div><div class=\"sc_services_item_info\">\n\t\t<div class=\"sc_services_item_header\">\n\t\t\t<h3 class=\"sc_services_item_title\">\n\t\t\t<a href=\"https:\/\/peregrinus.hu\/en\/unitarius-vartemplom-nagyajta\/\">Unitarian Church - Nagyajta<\/a>\n\t\t\t<\/h3>\n\t\t<\/div>\n\t\t\t<\/div>\n<\/div>\n<\/div><div class=\"trx_addons_column-1_3\"><div class=\"sc_services_item without_content with_image sc_services_item_featured_top\">\n\t<div class=\"post_featured with_thumb hover_icon sc_services_item_thumb\"><img loading=\"lazy\" decoding=\"async\" width=\"940\" height=\"910\" src=\"https:\/\/peregrinus.hu\/wp-content\/uploads\/2025\/06\/VCV_Vartemplom_Sepsi_DJI_0885_2022_2048px-940x910.jpg\" class=\"attachment-crown_art-thumb-serv size-crown_art-thumb-serv wp-post-image\" alt=\"Reform\u00e1tus v\u00e1rtemplom- Sepsiszentgy\u00f6rgy\" \/><div class=\"mask\"><\/div><div class=\"icons\"><a href=\"https:\/\/peregrinus.hu\/en\/reformatus-vartemplom-sepsiszentgyorgy\/\" aria-hidden=\"true\" class=\"icon-link-1\"><\/a><\/div><\/div><div class=\"sc_services_item_info\">\n\t\t<div class=\"sc_services_item_header\">\n\t\t\t<h3 class=\"sc_services_item_title\">\n\t\t\t<a href=\"https:\/\/peregrinus.hu\/en\/reformatus-vartemplom-sepsiszentgyorgy\/\">Reformed Castle Church - Sf\u00e2ntu Gheorghe<\/a>\n\t\t\t<\/h3>\n\t\t<\/div>\n\t\t\t<\/div>\n<\/div>\n<\/div><div class=\"trx_addons_column-1_3\"><div class=\"sc_services_item without_content with_image sc_services_item_featured_top\">\n\t<div class=\"post_featured with_thumb hover_icon sc_services_item_thumb\"><img loading=\"lazy\" decoding=\"async\" width=\"665\" height=\"498\" src=\"https:\/\/peregrinus.hu\/wp-content\/uploads\/2025\/06\/esztelneki-kolostor-templom6B35905C-4904-2DFD-F887-7A863D3828AA.jpg\" class=\"attachment-crown_art-thumb-serv size-crown_art-thumb-serv wp-post-image\" alt=\"Ferences templom \u00e9s kolostor- Esztelnek\" srcset=\"https:\/\/peregrinus.hu\/wp-content\/uploads\/2025\/06\/esztelneki-kolostor-templom6B35905C-4904-2DFD-F887-7A863D3828AA.jpg 665w, https:\/\/peregrinus.hu\/wp-content\/uploads\/2025\/06\/esztelneki-kolostor-templom6B35905C-4904-2DFD-F887-7A863D3828AA-300x225.jpg 300w, https:\/\/peregrinus.hu\/wp-content\/uploads\/2025\/06\/esztelneki-kolostor-templom6B35905C-4904-2DFD-F887-7A863D3828AA-370x277.jpg 370w\" sizes=\"auto, (max-width: 665px) 100vw, 665px\" \/><div class=\"mask\"><\/div><div class=\"icons\"><a href=\"https:\/\/peregrinus.hu\/en\/ferences-templom-es-kolostor-esztelnek\/\" aria-hidden=\"true\" class=\"icon-link-1\"><\/a><\/div><\/div><div class=\"sc_services_item_info\">\n\t\t<div class=\"sc_services_item_header\">\n\t\t\t<h3 class=\"sc_services_item_title\">\n\t\t\t<a href=\"https:\/\/peregrinus.hu\/en\/ferences-templom-es-kolostor-esztelnek\/\">Franciscan Church and Monastery- Esztelnek<\/a>\n\t\t\t<\/h3>\n\t\t<\/div>\n\t\t\t<\/div>\n<\/div>\n<\/div><\/div><\/div><!-- \/.sc_services --><\/div><\/div><div class=\"vc_tta-panel\" id=\"hargita\" data-vc-content=\".vc_tta-panel-body\"><div class=\"vc_tta-panel-heading\"><h4 class=\"vc_tta-panel-title\"><a href=\"#hargita\" data-vc-accordion data-vc-container=\".vc_tta-container\"><span class=\"vc_tta-title-text\">Harghita<\/span><\/a><\/h4><\/div><div class=\"vc_tta-panel-body\"><div id=\"sc_services_315039224\" class=\"sc_services color_style_default sc_services_default sc_services_featured_top\"><div class=\"sc_services_content sc_item_content sc_item_columns_1\"><div class=\"sc_services_item without_content with_image sc_services_item_featured_top\">\n\t<div class=\"post_featured with_thumb hover_icon sc_services_item_thumb\"><img loading=\"lazy\" decoding=\"async\" width=\"940\" height=\"910\" src=\"https:\/\/peregrinus.hu\/wp-content\/uploads\/2025\/03\/szh-vartemplom-940x910.jpg\" class=\"attachment-crown_art-thumb-serv size-crown_art-thumb-serv wp-post-image\" alt=\"Sz\u00e9kelyderzsi Unit\u00e1rius V\u00e1rtemplom\" \/><div class=\"mask\"><\/div><div class=\"icons\"><a href=\"https:\/\/peregrinus.hu\/en\/szekelyderzsi-unitarius-vartemplom\/\" aria-hidden=\"true\" class=\"icon-link-1\"><\/a><\/div><\/div><div class=\"sc_services_item_info\">\n\t\t<div class=\"sc_services_item_header\">\n\t\t\t<h2 class=\"sc_services_item_title\">\n\t\t\t<a href=\"https:\/\/peregrinus.hu\/en\/szekelyderzsi-unitarius-vartemplom\/\">Unitarian Castle Church of Sz\u00e9kelyderz<\/a>\n\t\t\t<\/h2>\n\t\t<\/div>\n\t\t\t<\/div>\n<\/div>\n<\/div><\/div><!-- \/.sc_services --><\/div><\/div><div class=\"vc_tta-panel\" id=\"kovaszna\" data-vc-content=\".vc_tta-panel-body\"><div class=\"vc_tta-panel-heading\"><h4 class=\"vc_tta-panel-title\"><a href=\"#kovaszna\" data-vc-accordion data-vc-container=\".vc_tta-container\"><span class=\"vc_tta-title-text\">Covasna<\/span><\/a><\/h4><\/div><div class=\"vc_tta-panel-body\"><div id=\"sc_services_997206514\" class=\"sc_services color_style_default sc_services_default sc_services_featured_top\"><div class=\"sc_services_columns sc_item_columns sc_item_columns_4 trx_addons_columns_wrap columns_padding_bottom\"><div class=\"trx_addons_column-1_4\"><div class=\"sc_services_item without_content with_image sc_services_item_featured_top\">\n\t<div class=\"post_featured with_thumb hover_icon sc_services_item_thumb\"><img loading=\"lazy\" decoding=\"async\" width=\"800\" height=\"534\" src=\"https:\/\/peregrinus.hu\/wp-content\/uploads\/2025\/03\/dalnoki-reformatus-templom.jpg\" class=\"attachment-crown_art-thumb-serv size-crown_art-thumb-serv wp-post-image\" alt=\"D\u00e1lnoki reform\u00e1tus templom\" srcset=\"https:\/\/peregrinus.hu\/wp-content\/uploads\/2025\/03\/dalnoki-reformatus-templom.jpg 800w, https:\/\/peregrinus.hu\/wp-content\/uploads\/2025\/03\/dalnoki-reformatus-templom-300x200.jpg 300w, https:\/\/peregrinus.hu\/wp-content\/uploads\/2025\/03\/dalnoki-reformatus-templom-768x513.jpg 768w, https:\/\/peregrinus.hu\/wp-content\/uploads\/2025\/03\/dalnoki-reformatus-templom-370x247.jpg 370w, https:\/\/peregrinus.hu\/wp-content\/uploads\/2025\/03\/dalnoki-reformatus-templom-760x507.jpg 760w\" sizes=\"auto, (max-width: 800px) 100vw, 800px\" \/><div class=\"mask\"><\/div><div class=\"icons\"><a href=\"https:\/\/peregrinus.hu\/en\/dalnoki-reformatus-templom\/\" aria-hidden=\"true\" class=\"icon-link-1\"><\/a><\/div><\/div><div class=\"sc_services_item_info\">\n\t\t<div class=\"sc_services_item_header\">\n\t\t\t<h3 class=\"sc_services_item_title\">\n\t\t\t<a href=\"https:\/\/peregrinus.hu\/en\/dalnoki-reformatus-templom\/\">D\u00e1lnok Reformed Church<\/a>\n\t\t\t<\/h3>\n\t\t<\/div>\n\t\t\t<\/div>\n<\/div>\n<\/div><div class=\"trx_addons_column-1_4\"><div class=\"sc_services_item without_content with_image sc_services_item_featured_top\">\n\t<div class=\"post_featured with_thumb hover_icon sc_services_item_thumb\"><img loading=\"lazy\" decoding=\"async\" width=\"940\" height=\"910\" src=\"https:\/\/peregrinus.hu\/wp-content\/uploads\/2025\/06\/Szent-Imre-RKT_VCV_DJI_0980_2048px-940x910.jpg\" class=\"attachment-crown_art-thumb-serv size-crown_art-thumb-serv wp-post-image\" alt=\"Szent Imre r\u00f3mai katolikus m\u0171eml\u00e9ktemplom\" \/><div class=\"mask\"><\/div><div class=\"icons\"><a href=\"https:\/\/peregrinus.hu\/en\/szent-imre-romai-katolikus-muemlektemplom\/\" aria-hidden=\"true\" class=\"icon-link-1\"><\/a><\/div><\/div><div class=\"sc_services_item_info\">\n\t\t<div class=\"sc_services_item_header\">\n\t\t\t<h3 class=\"sc_services_item_title\">\n\t\t\t<a href=\"https:\/\/peregrinus.hu\/en\/szent-imre-romai-katolikus-muemlektemplom\/\">St Imre Roman Catholic Monument Church<\/a>\n\t\t\t<\/h3>\n\t\t<\/div>\n\t\t\t<\/div>\n<\/div>\n<\/div><div class=\"trx_addons_column-1_4\"><div class=\"sc_services_item without_content with_image sc_services_item_featured_top\">\n\t<div class=\"post_featured with_thumb hover_icon sc_services_item_thumb\"><img loading=\"lazy\" decoding=\"async\" width=\"940\" height=\"910\" src=\"https:\/\/peregrinus.hu\/wp-content\/uploads\/2025\/06\/VCV_2022_Nagyajtai-vartemplom_0228_web-940x910.jpg\" class=\"attachment-crown_art-thumb-serv size-crown_art-thumb-serv wp-post-image\" alt=\"Unit\u00e1rius v\u00e1rtemplom &#8211; Nagyajta\" \/><div class=\"mask\"><\/div><div class=\"icons\"><a href=\"https:\/\/peregrinus.hu\/en\/unitarius-vartemplom-nagyajta\/\" aria-hidden=\"true\" class=\"icon-link-1\"><\/a><\/div><\/div><div class=\"sc_services_item_info\">\n\t\t<div class=\"sc_services_item_header\">\n\t\t\t<h3 class=\"sc_services_item_title\">\n\t\t\t<a href=\"https:\/\/peregrinus.hu\/en\/unitarius-vartemplom-nagyajta\/\">Unitarian Church - Nagyajta<\/a>\n\t\t\t<\/h3>\n\t\t<\/div>\n\t\t\t<\/div>\n<\/div>\n<\/div><div class=\"trx_addons_column-1_4\"><div class=\"sc_services_item without_content with_image sc_services_item_featured_top\">\n\t<div class=\"post_featured with_thumb hover_icon sc_services_item_thumb\"><img loading=\"lazy\" decoding=\"async\" width=\"940\" height=\"910\" src=\"https:\/\/peregrinus.hu\/wp-content\/uploads\/2025\/06\/VCV_Vartemplom_Sepsi_DJI_0885_2022_2048px-940x910.jpg\" class=\"attachment-crown_art-thumb-serv size-crown_art-thumb-serv wp-post-image\" alt=\"Reform\u00e1tus v\u00e1rtemplom- Sepsiszentgy\u00f6rgy\" \/><div class=\"mask\"><\/div><div class=\"icons\"><a href=\"https:\/\/peregrinus.hu\/en\/reformatus-vartemplom-sepsiszentgyorgy\/\" aria-hidden=\"true\" class=\"icon-link-1\"><\/a><\/div><\/div><div class=\"sc_services_item_info\">\n\t\t<div class=\"sc_services_item_header\">\n\t\t\t<h3 class=\"sc_services_item_title\">\n\t\t\t<a href=\"https:\/\/peregrinus.hu\/en\/reformatus-vartemplom-sepsiszentgyorgy\/\">Reformed Castle Church - Sf\u00e2ntu Gheorghe<\/a>\n\t\t\t<\/h3>\n\t\t<\/div>\n\t\t\t<\/div>\n<\/div>\n<\/div><div class=\"trx_addons_column-1_4\"><div class=\"sc_services_item without_content with_image sc_services_item_featured_top\">\n\t<div class=\"post_featured with_thumb hover_icon sc_services_item_thumb\"><img loading=\"lazy\" decoding=\"async\" width=\"665\" height=\"498\" src=\"https:\/\/peregrinus.hu\/wp-content\/uploads\/2025\/06\/esztelneki-kolostor-templom6B35905C-4904-2DFD-F887-7A863D3828AA.jpg\" class=\"attachment-crown_art-thumb-serv size-crown_art-thumb-serv wp-post-image\" alt=\"Ferences templom \u00e9s kolostor- Esztelnek\" srcset=\"https:\/\/peregrinus.hu\/wp-content\/uploads\/2025\/06\/esztelneki-kolostor-templom6B35905C-4904-2DFD-F887-7A863D3828AA.jpg 665w, https:\/\/peregrinus.hu\/wp-content\/uploads\/2025\/06\/esztelneki-kolostor-templom6B35905C-4904-2DFD-F887-7A863D3828AA-300x225.jpg 300w, https:\/\/peregrinus.hu\/wp-content\/uploads\/2025\/06\/esztelneki-kolostor-templom6B35905C-4904-2DFD-F887-7A863D3828AA-370x277.jpg 370w\" sizes=\"auto, (max-width: 665px) 100vw, 665px\" \/><div class=\"mask\"><\/div><div class=\"icons\"><a href=\"https:\/\/peregrinus.hu\/en\/ferences-templom-es-kolostor-esztelnek\/\" aria-hidden=\"true\" class=\"icon-link-1\"><\/a><\/div><\/div><div class=\"sc_services_item_info\">\n\t\t<div class=\"sc_services_item_header\">\n\t\t\t<h3 class=\"sc_services_item_title\">\n\t\t\t<a href=\"https:\/\/peregrinus.hu\/en\/ferences-templom-es-kolostor-esztelnek\/\">Franciscan Church and Monastery- Esztelnek<\/a>\n\t\t\t<\/h3>\n\t\t<\/div>\n\t\t\t<\/div>\n<\/div>\n<\/div><\/div><\/div><!-- \/.sc_services --><\/div><\/div><div class=\"vc_tta-panel\" id=\"maros\" data-vc-content=\".vc_tta-panel-body\"><div class=\"vc_tta-panel-heading\"><h4 class=\"vc_tta-panel-title\"><a href=\"#maros\" data-vc-accordion data-vc-container=\".vc_tta-container\"><span class=\"vc_tta-title-text\">Maros<\/span><\/a><\/h4><\/div><div class=\"vc_tta-panel-body\"><div id=\"sc_services_1422339555\" class=\"sc_services color_style_default sc_services_default sc_services_featured_top\"><div class=\"sc_services_columns sc_item_columns sc_item_columns_3 trx_addons_columns_wrap columns_padding_bottom\"><div class=\"trx_addons_column-1_3\"><div class=\"sc_services_item without_content with_image sc_services_item_featured_top\">\n\t<div class=\"post_featured with_thumb hover_icon sc_services_item_thumb\"><img loading=\"lazy\" decoding=\"async\" width=\"940\" height=\"810\" src=\"https:\/\/peregrinus.hu\/wp-content\/uploads\/2025\/04\/kszt-header-940x810.jpg\" class=\"attachment-crown_art-thumb-serv size-crown_art-thumb-serv wp-post-image\" alt=\"Keresztel\u0151 Szent J\u00e1nos Pl\u00e9b\u00e1nia\" \/><div class=\"mask\"><\/div><div class=\"icons\"><a href=\"https:\/\/peregrinus.hu\/en\/keresztelo-szent-janos-plebania\/\" aria-hidden=\"true\" class=\"icon-link-1\"><\/a><\/div><\/div><div class=\"sc_services_item_info\">\n\t\t<div class=\"sc_services_item_header\">\n\t\t\t<h3 class=\"sc_services_item_title\">\n\t\t\t<a href=\"https:\/\/peregrinus.hu\/en\/keresztelo-szent-janos-plebania\/\">St John the Baptist Parish<\/a>\n\t\t\t<\/h3>\n\t\t<\/div>\n\t\t\t<\/div>\n<\/div>\n<\/div><\/div><\/div><!-- \/.sc_services --><\/div><\/div><\/div><\/div><\/div><\/div><div class=\"vc_empty_space  vc_custom_1743557491079 height_small\"   style=\"height: 32px\"><span class=\"vc_empty_space_inner\"><\/span><\/div><\/div><\/div><\/div><\/div>\n<\/div>","protected":false},"excerpt":{"rendered":"The Parish of St John the Baptist, more commonly known as the Church of Friends, is one of the oldest and most important Roman Catholic churches in T\u00e2rgu Mures. Located in the centre of the city, in the main square, the church is associated with the Franciscan Order and has played a significant role in Catholic life for centuries. The church dates back to the 18th century, when the Franciscan monks built a new Baroque church on the site of an earlier medieval church. The Order has played a significant role in the religious life of T\u00e2rgu Mures in order to preserve the Catholic religion. The church was built between 1741 and 1750, mainly...","protected":false},"author":1,"featured_media":1250,"parent":0,"menu_order":0,"comment_status":"closed","ping_status":"closed","template":"","meta":{"_acf_changed":false,"footnotes":""},"class_list":["post-1249","page","type-page","status-publish","has-post-thumbnail","hentry"],"acf":[],"_links":{"self":[{"href":"https:\/\/peregrinus.hu\/en\/wp-json\/wp\/v2\/pages\/1249","targetHints":{"allow":["GET"]}}],"collection":[{"href":"https:\/\/peregrinus.hu\/en\/wp-json\/wp\/v2\/pages"}],"about":[{"href":"https:\/\/peregrinus.hu\/en\/wp-json\/wp\/v2\/types\/page"}],"author":[{"embeddable":true,"href":"https:\/\/peregrinus.hu\/en\/wp-json\/wp\/v2\/users\/1"}],"replies":[{"embeddable":true,"href":"https:\/\/peregrinus.hu\/en\/wp-json\/wp\/v2\/comments?post=1249"}],"version-history":[{"count":10,"href":"https:\/\/peregrinus.hu\/en\/wp-json\/wp\/v2\/pages\/1249\/revisions"}],"predecessor-version":[{"id":1460,"href":"https:\/\/peregrinus.hu\/en\/wp-json\/wp\/v2\/pages\/1249\/revisions\/1460"}],"wp:featuredmedia":[{"embeddable":true,"href":"https:\/\/peregrinus.hu\/en\/wp-json\/wp\/v2\/media\/1250"}],"wp:attachment":[{"href":"https:\/\/peregrinus.hu\/en\/wp-json\/wp\/v2\/media?parent=1249"}],"curies":[{"name":"wp","href":"https:\/\/api.w.org\/{rel}","templated":true}]}}