{"id":1347,"date":"2025-04-01T16:12:44","date_gmt":"2025-04-01T14:12:44","guid":{"rendered":"https:\/\/peregrinus.hu\/?page_id=1347"},"modified":"2025-04-01T16:14:11","modified_gmt":"2025-04-01T14:14:11","slug":"impresszum","status":"publish","type":"page","link":"https:\/\/peregrinus.hu\/en\/impresszum\/","title":{"rendered":"masthead"},"content":{"rendered":"<div class=\"wpb-content-wrapper\"><div class=\"vc_row wpb_row vc_row-fluid\"><div class=\"wpb_column vc_column_container vc_col-sm-2 sc_layouts_column_icons_position_left\"><div class=\"vc_column-inner\"><div class=\"wpb_wrapper\"><\/div><\/div><\/div><div class=\"wpb_column vc_column_container vc_col-sm-8 sc_layouts_column_icons_position_left\"><div class=\"vc_column-inner\"><div class=\"wpb_wrapper\">\n\t<div class=\"wpb_text_column wpb_content_element\" >\n\t\t<div class=\"wpb_wrapper\">\n\t\t\t<p><strong>Powered by<\/strong>: {name of operator}<\/p>\n<p><strong>Headquarters<\/strong>: {address}<\/p>\n<p><strong>E-mail<\/strong>: info@peregrinus.hu<\/p>\n<p><strong>Phone<\/strong>: {phone number}<\/p>\n<p><strong>Tax number<\/strong>: {tax number}<\/p>\n<p><strong>Company registration number<\/strong>: {company registration number}<\/p>\n<p><strong>Hosting<\/strong>: Rackhost Zrt. 1132 Budapest, Victor Hug\u00f3 utca 18-22.<\/p>\n<p><strong>Contact<\/strong>: {e-mail}<\/p>\n\n\t\t<\/div>\n\t<\/div>\n<\/div><\/div><\/div><div class=\"wpb_column vc_column_container vc_col-sm-2 sc_layouts_column_icons_position_left\"><div class=\"vc_column-inner\"><div class=\"wpb_wrapper\"><\/div><\/div><\/div><\/div>\n<\/div>","protected":false},"excerpt":{"rendered":"\u00dczemeltet\u0151: {\u00fczemeltet\u0151 neve} Sz\u00e9khely: {c\u00edm} E-mail: info@peregrinus.hu Telefon: {telefonsz\u00e1m} Ad\u00f3sz\u00e1m: {ad\u00f3sz\u00e1m} C\u00e9gjegyz\u00e9ksz\u00e1m: {c\u00e9gjegyz\u00e9ksz\u00e1m} T\u00e1rhelyszolg\u00e1ltat\u00f3: Rackhost Zrt. 1132 Budapest, Victor Hug\u00f3 utca 18-22. Kapcsolat: {e-mail}","protected":false},"author":1,"featured_media":1334,"parent":0,"menu_order":0,"comment_status":"closed","ping_status":"closed","template":"","meta":{"_acf_changed":false,"footnotes":""},"class_list":["post-1347","page","type-page","status-publish","has-post-thumbnail","hentry"],"acf":[],"_links":{"self":[{"href":"https:\/\/peregrinus.hu\/en\/wp-json\/wp\/v2\/pages\/1347","targetHints":{"allow":["GET"]}}],"collection":[{"href":"https:\/\/peregrinus.hu\/en\/wp-json\/wp\/v2\/pages"}],"about":[{"href":"https:\/\/peregrinus.hu\/en\/wp-json\/wp\/v2\/types\/page"}],"author":[{"embeddable":true,"href":"https:\/\/peregrinus.hu\/en\/wp-json\/wp\/v2\/users\/1"}],"replies":[{"embeddable":true,"href":"https:\/\/peregrinus.hu\/en\/wp-json\/wp\/v2\/comments?post=1347"}],"version-history":[{"count":3,"href":"https:\/\/peregrinus.hu\/en\/wp-json\/wp\/v2\/pages\/1347\/revisions"}],"predecessor-version":[{"id":1350,"href":"https:\/\/peregrinus.hu\/en\/wp-json\/wp\/v2\/pages\/1347\/revisions\/1350"}],"wp:featuredmedia":[{"embeddable":true,"href":"https:\/\/peregrinus.hu\/en\/wp-json\/wp\/v2\/media\/1334"}],"wp:attachment":[{"href":"https:\/\/peregrinus.hu\/en\/wp-json\/wp\/v2\/media?parent=1347"}],"curies":[{"name":"wp","href":"https:\/\/api.w.org\/{rel}","templated":true}]}}