{"id":1351,"date":"2025-04-01T16:21:57","date_gmt":"2025-04-01T14:21:57","guid":{"rendered":"https:\/\/peregrinus.hu\/?page_id=1351"},"modified":"2025-04-01T16:25:36","modified_gmt":"2025-04-01T14:25:36","slug":"adatvedelmi-nyilatkozat","status":"publish","type":"page","link":"https:\/\/peregrinus.hu\/en\/adatvedelmi-nyilatkozat\/","title":{"rendered":"Data protection statement"},"content":{"rendered":"<p>Last update: 2025.03.<\/p>\n<p>A peregrinus.hu weboldal (a tov\u00e1bbiakban: &#8220;Weboldal&#8221;) \u00fczemeltet\u0151je elk\u00f6telezett a szem\u00e9lyes adatok v\u00e9delme mellett, \u00e9s az adatkezel\u00e9st a hat\u00e1lyos jogszab\u00e1lyoknak megfelel\u0151en v\u00e9gzi. Jelen adatv\u00e9delmi nyilatkozat bemutatja, hogy milyen adatokat gy\u0171jt\u00fcnk, milyen c\u00e9lb\u00f3l, \u00e9s hogyan biztos\u00edtjuk azok v\u00e9delm\u00e9t.<\/p>\n<h3>1. Data controller's data<\/h3>\n<p>Name: {operator name}<\/p>\n<p>Availability: {e-mail}<\/p>\n<p>Address: {address}<\/p>\n<h3>2. What data do we collect and for what purposes?<\/h3>\n<p><strong>2.1. Google Analytics data collection<\/strong><br \/>\nThe Website uses Google Analytics to analyse visitor traffic. In doing so, the following anonymous data is collected:<\/p>\n<ul>\n<li>IP address (in anonymised form)<\/li>\n<li>Browser type<\/li>\n<li>Duration of visit and pages visited<\/li>\n<li>Device information<\/li>\n<\/ul>\n<p>These data are for statistical purposes only and are not suitable for individual identification.<\/p>\n<p><strong>2.2. Newsletter subscription<\/strong><br \/>\nOn the Website, you have the possibility to subscribe to a newsletter by providing the following information:<\/p>\n<ul>\n<li>E-mail address<\/li>\n<\/ul>\n<p>Az e-mail c\u00edmet kiz\u00e1r\u00f3lag h\u00edrlevelek k\u00fcld\u00e9s\u00e9re haszn\u00e1ljuk, harmadik f\u00e9l sz\u00e1m\u00e1ra nem adjuk \u00e1t. A felhaszn\u00e1l\u00f3 b\u00e1rmikor leiratkozhat a h\u00edrlev\u00e9lr\u0151l az e-mailek alj\u00e1n tal\u00e1lhat\u00f3 &#8220;Leiratkoz\u00e1s&#8221; linkre kattintva.<\/p>\n<p><strong>2.3. Contact form<\/strong><br \/>\nWe collect the following information via the contact form:<\/p>\n<ul>\n<li>Name<\/li>\n<li>E-mail address<\/li>\n<li>Message text<\/li>\n<\/ul>\n<p>This data is processed solely for the purpose of contacting the user and is not disclosed to third parties.<\/p>\n<h3>3. Storage and protection of data<\/h3>\n<p>Personal data will be treated confidentially and protected by appropriate technical and organisational measures against unauthorised access, modification or destruction.<\/p>\n<p>This data is processed solely for the purpose of contacting the user and is not disclosed to third parties.<\/p>\n<h3>4. Rights of users<\/h3>\n<p>Users are entitled to:<\/p>\n<ul>\n<li>Request access to their data,<\/li>\n<li>Request the correction or deletion of their data,<\/li>\n<li>Object to the processing of their data,<\/li>\n<li>Request portability of their data.<\/li>\n<\/ul>\n<p>In order to exercise these rights, users may contact the controller using the contact details provided above.<\/p>\n<h3>5. Use of cookies<\/h3>\n<p>The Website uses cookies to improve the user experience. You can change the cookie settings at any time through your browser settings<\/p>\n<h3>6. Amendments to the privacy statement<\/h3>\n<p>We reserve the right to change this privacy statement at any time. The current version is always available on the Website.<\/p>\n<h3>7. Contact us<\/h3>\n<p>If you have any questions about data protection, please contact us by e-mail at info@peregrinus.hu<\/p>","protected":false},"excerpt":{"rendered":"<p>Utols\u00f3 friss\u00edt\u00e9s: 2025.03. A peregrinus.hu weboldal (a tov\u00e1bbiakban: &#8220;Weboldal&#8221;) \u00fczemeltet\u0151je elk\u00f6telezett a szem\u00e9lyes adatok v\u00e9delme mellett, \u00e9s az adatkezel\u00e9st a hat\u00e1lyos jogszab\u00e1lyoknak megfelel\u0151en v\u00e9gzi. Jelen adatv\u00e9delmi nyilatkozat bemutatja, hogy milyen adatokat gy\u0171jt\u00fcnk, milyen c\u00e9lb\u00f3l, \u00e9s hogyan biztos\u00edtjuk azok v\u00e9delm\u00e9t. 1. Az adatkezel\u0151 adatai N\u00e9v: {\u00fczemeltet\u0151 neve} El\u00e9rhet\u0151s\u00e9g: {e-mail} Sz\u00e9khely: {c\u00edm} 2. Milyen adatokat gy\u0171jt\u00fcnk \u00e9s milyen c\u00e9lb\u00f3l? 2.1. Google Analytics adatgy\u0171jt\u00e9s A Weboldal a Google Analytics szolg\u00e1ltat\u00e1st haszn\u00e1lja a l\u00e1togat\u00f3i forgalom elemz\u00e9s\u00e9re. Ennek sor\u00e1n az al\u00e1bbi anonim adatok gy\u0171lnek: IP-c\u00edm (anonimiz\u00e1lt form\u00e1ban) B\u00f6ng\u00e9sz\u0151&hellip;<\/p>","protected":false},"author":1,"featured_media":1334,"parent":0,"menu_order":0,"comment_status":"closed","ping_status":"closed","template":"","meta":{"_acf_changed":false,"footnotes":""},"class_list":["post-1351","page","type-page","status-publish","has-post-thumbnail","hentry"],"acf":[],"_links":{"self":[{"href":"https:\/\/peregrinus.hu\/en\/wp-json\/wp\/v2\/pages\/1351","targetHints":{"allow":["GET"]}}],"collection":[{"href":"https:\/\/peregrinus.hu\/en\/wp-json\/wp\/v2\/pages"}],"about":[{"href":"https:\/\/peregrinus.hu\/en\/wp-json\/wp\/v2\/types\/page"}],"author":[{"embeddable":true,"href":"https:\/\/peregrinus.hu\/en\/wp-json\/wp\/v2\/users\/1"}],"replies":[{"embeddable":true,"href":"https:\/\/peregrinus.hu\/en\/wp-json\/wp\/v2\/comments?post=1351"}],"version-history":[{"count":2,"href":"https:\/\/peregrinus.hu\/en\/wp-json\/wp\/v2\/pages\/1351\/revisions"}],"predecessor-version":[{"id":1353,"href":"https:\/\/peregrinus.hu\/en\/wp-json\/wp\/v2\/pages\/1351\/revisions\/1353"}],"wp:featuredmedia":[{"embeddable":true,"href":"https:\/\/peregrinus.hu\/en\/wp-json\/wp\/v2\/media\/1334"}],"wp:attachment":[{"href":"https:\/\/peregrinus.hu\/en\/wp-json\/wp\/v2\/media?parent=1351"}],"curies":[{"name":"wp","href":"https:\/\/api.w.org\/{rel}","templated":true}]}}