{"id":1370,"date":"2025-04-01T17:31:11","date_gmt":"2025-04-01T15:31:11","guid":{"rendered":"https:\/\/peregrinus.hu\/?page_id=1370"},"modified":"2025-06-06T12:11:58","modified_gmt":"2025-06-06T10:11:58","slug":"zarandokutvonalak","status":"publish","type":"page","link":"https:\/\/peregrinus.hu\/en\/zarandokutvonalak\/","title":{"rendered":"Pilgrimage routes"},"content":{"rendered":"<div class=\"wpb-content-wrapper\"><div class=\"vc_row wpb_row vc_row-fluid\"><div class=\"wpb_column vc_column_container vc_col-sm-12 sc_layouts_column_icons_position_left\"><div class=\"vc_column-inner\"><div class=\"wpb_wrapper\">\n\t<div class=\"wpb_text_column wpb_content_element fonts20\" >\n\t\t<div class=\"wpb_wrapper\">\n\t\t\t<p>Szeklerland occupies a special place on the map of religious tourism. Its historical shrines, sacred sites and tradition of pilgrimages all contribute to the growing number of people who travel there every year for spiritual reflection, cultural discovery and communal experiences.<\/p>\n\n\t\t<\/div>\n\t<\/div>\n<div class=\"vc_empty_space  height_medium\"   style=\"height: 32px\"><span class=\"vc_empty_space_inner\"><\/span><\/div><\/div><\/div><\/div><\/div><div data-vc-full-width=\"true\" data-vc-full-width-init=\"false\" class=\"vc_row wpb_row vc_row-fluid grad-zarandok\"><div class=\"wpb_column vc_column_container vc_col-sm-12 sc_layouts_column_icons_position_left\"><div class=\"vc_column-inner\"><div class=\"wpb_wrapper\"><div class=\"vc_empty_space  height_small\"   style=\"height: 32px\"><span class=\"vc_empty_space_inner\"><\/span><\/div><h2 style=\"font-size: 40px;color: #FFFFFF;text-align: left\" class=\"vc_custom_heading vc_do_custom_heading mobilh2zar\" >Why should you make a pilgrimage to Szeklerland?<\/h2><div class=\"vc_empty_space  height_tiny\"   style=\"height: 32px\"><span class=\"vc_empty_space_inner\"><\/span><\/div>\n\t<div class=\"wpb_text_column wpb_content_element fonts20 whitep\" >\n\t\t<div class=\"wpb_wrapper\">\n\t\t\t<p>The pilgrimages in Szeklerland are not only religious, but the beauty of the landscape and its historical heritage offer a unique experience. The closeness to nature, the preservation of traditions and the hospitality of local communities all contribute to the physical and spiritual enrichment of the pilgrimage.<\/p>\n\n\t\t<\/div>\n\t<\/div>\n<div class=\"vc_empty_space  height_small\"   style=\"height: 32px\"><span class=\"vc_empty_space_inner\"><\/span><\/div>\n\t<div  class=\"wpb_single_image wpb_content_element vc_align_center wpb_content_element  radius40\">\n\t\t\n\t\t<figure class=\"wpb_wrapper vc_figure\">\n\t\t\t<div class=\"vc_single_image-wrapper   vc_box_border_grey\"><img loading=\"lazy\" decoding=\"async\" width=\"1280\" height=\"690\" src=\"https:\/\/peregrinus.hu\/wp-content\/uploads\/2025\/04\/zarakndok.con_.jpg\" class=\"vc_single_image-img attachment-full\" alt=\"\" title=\"zarakndok.con\" srcset=\"https:\/\/peregrinus.hu\/wp-content\/uploads\/2025\/04\/zarakndok.con_.jpg 1280w, https:\/\/peregrinus.hu\/wp-content\/uploads\/2025\/04\/zarakndok.con_-300x162.jpg 300w, https:\/\/peregrinus.hu\/wp-content\/uploads\/2025\/04\/zarakndok.con_-1024x552.jpg 1024w, https:\/\/peregrinus.hu\/wp-content\/uploads\/2025\/04\/zarakndok.con_-768x414.jpg 768w, https:\/\/peregrinus.hu\/wp-content\/uploads\/2025\/04\/zarakndok.con_-370x199.jpg 370w, https:\/\/peregrinus.hu\/wp-content\/uploads\/2025\/04\/zarakndok.con_-760x410.jpg 760w\" sizes=\"auto, (max-width: 1280px) 100vw, 1280px\" \/><\/div>\n\t\t<\/figure>\n\t<\/div>\n<div class=\"vc_empty_space  height_small\"   style=\"height: 32px\"><span class=\"vc_empty_space_inner\"><\/span><\/div><h2 style=\"font-size: 40px;color: #FFFFFF;text-align: left\" class=\"vc_custom_heading vc_do_custom_heading mobilh2zar\" >How to prepare for a pilgrimage?<\/h2><div class=\"vc_empty_space  height_small\"   style=\"height: 32px\"><span class=\"vc_empty_space_inner\"><\/span><\/div>\n\t<div class=\"wpb_text_column wpb_content_element fonts20 whitep\" >\n\t\t<div class=\"wpb_wrapper\">\n\t\t\t<p>The pilgrimage requires physical and spiritual preparation. It is worth planning the route in advance, choosing the right equipment and being prepared for the changeable weather.<\/p>\n<p>Along the pilgrimage routes, there are numerous shrines and guesthouses offering overnight accommodation. Advance booking is recommended. Interactive maps and GPS coordinates are also available for pilgrims to download for easy planning.<\/p>\n\n\t\t<\/div>\n\t<\/div>\n<div class=\"vc_empty_space  height_medium\"   style=\"height: 32px\"><span class=\"vc_empty_space_inner\"><\/span><\/div><\/div><\/div><\/div><\/div><div class=\"vc_row-full-width vc_clearfix\"><\/div><div class=\"vc_row wpb_row vc_row-fluid\"><div class=\"wpb_column vc_column_container vc_col-sm-12 sc_layouts_column_icons_position_left\"><div class=\"vc_column-inner\"><div class=\"wpb_wrapper\"><div class=\"vc_empty_space  height_medium\"   style=\"height: 32px\"><span class=\"vc_empty_space_inner\"><\/span><\/div><h2 style=\"font-size: 40px;color: #000000;text-align: center\" class=\"vc_custom_heading vc_do_custom_heading mobilh2zar\" >Featured pilgrimage routes<\/h2><div class=\"vc_empty_space  height_small\"   style=\"height: 32px\"><span class=\"vc_empty_space_inner\"><\/span><\/div><\/div><\/div><\/div><\/div><div class=\"vc_row wpb_row vc_row-fluid\"><div class=\"wpb_column vc_column_container vc_col-sm-6 sc_layouts_column_icons_position_left\"><div class=\"vc_column-inner\"><div class=\"wpb_wrapper\"><h3 style=\"font-size: 24px;color: #255651;line-height: 32px;text-align: left\" class=\"vc_custom_heading vc_do_custom_heading\" >Pilgrimage to Cs\u00edksomly\u00f3<\/h3><div class=\"vc_empty_space  height_small\"   style=\"height: 32px\"><span class=\"vc_empty_space_inner\"><\/span><\/div><div class=\"vc_row wpb_row vc_inner vc_row-fluid vc_custom_1743522587589\"><div class=\"wpb_column vc_column_container vc_col-sm-4 sc_layouts_column_icons_position_left\"><div class=\"vc_column-inner\"><div class=\"wpb_wrapper\">\n\t<div class=\"wpb_text_column wpb_content_element\" >\n\t\t<div class=\"wpb_wrapper\">\n\t\t\t<p><strong>Distance:<\/strong><\/p>\n\n\t\t<\/div>\n\t<\/div>\n<\/div><\/div><\/div><div class=\"wpb_column vc_column_container vc_col-sm-8 sc_layouts_column_icons_position_left\"><div class=\"vc_column-inner\"><div class=\"wpb_wrapper\">\n\t<div class=\"wpb_text_column wpb_content_element\" >\n\t\t<div class=\"wpb_wrapper\">\n\t\t\t<p>20-50 km (different departure points)<\/p>\n\n\t\t<\/div>\n\t<\/div>\n<\/div><\/div><\/div><\/div><div class=\"vc_row wpb_row vc_inner vc_row-fluid vc_custom_1743522591954\"><div class=\"wpb_column vc_column_container vc_col-sm-4 sc_layouts_column_icons_position_left\"><div class=\"vc_column-inner\"><div class=\"wpb_wrapper\">\n\t<div class=\"wpb_text_column wpb_content_element\" >\n\t\t<div class=\"wpb_wrapper\">\n\t\t\t<p><strong>Starting point:<\/strong><\/p>\n\n\t\t<\/div>\n\t<\/div>\n<\/div><\/div><\/div><div class=\"wpb_column vc_column_container vc_col-sm-8 sc_layouts_column_icons_position_left\"><div class=\"vc_column-inner\"><div class=\"wpb_wrapper\">\n\t<div class=\"wpb_text_column wpb_content_element\" >\n\t\t<div class=\"wpb_wrapper\">\n\t\t\t<p>From several settlements in Transylvania and Szeklerland<\/p>\n\n\t\t<\/div>\n\t<\/div>\n<\/div><\/div><\/div><\/div><div class=\"vc_row wpb_row vc_inner vc_row-fluid vc_custom_1743522596341\"><div class=\"wpb_column vc_column_container vc_col-sm-4 sc_layouts_column_icons_position_left\"><div class=\"vc_column-inner\"><div class=\"wpb_wrapper\">\n\t<div class=\"wpb_text_column wpb_content_element\" >\n\t\t<div class=\"wpb_wrapper\">\n\t\t\t<p><strong>Attractions:<\/strong><\/p>\n\n\t\t<\/div>\n\t<\/div>\n<\/div><\/div><\/div><div class=\"wpb_column vc_column_container vc_col-sm-8 sc_layouts_column_icons_position_left\"><div class=\"vc_column-inner\"><div class=\"wpb_wrapper\">\n\t<div class=\"wpb_text_column wpb_content_element\" >\n\t\t<div class=\"wpb_wrapper\">\n\t\t\t<p>Crossroads, chapels, shrines.<\/p>\n\n\t\t<\/div>\n\t<\/div>\n<\/div><\/div><\/div><\/div><div class=\"vc_row wpb_row vc_inner vc_row-fluid\"><div class=\"wpb_column vc_column_container vc_col-sm-4 sc_layouts_column_icons_position_left\"><div class=\"vc_column-inner\"><div class=\"wpb_wrapper\">\n\t<div class=\"wpb_text_column wpb_content_element\" >\n\t\t<div class=\"wpb_wrapper\">\n\t\t\t<p><strong>Significance:<\/strong><\/p>\n\n\t\t<\/div>\n\t<\/div>\n<\/div><\/div><\/div><div class=\"wpb_column vc_column_container vc_col-sm-8 sc_layouts_column_icons_position_left\"><div class=\"vc_column-inner\"><div class=\"wpb_wrapper\">\n\t<div class=\"wpb_text_column wpb_content_element\" >\n\t\t<div class=\"wpb_wrapper\">\n\t\t\t<p>The Cs\u00edksomly\u00f3 Farewell is one of the most important religious and cultural events of the Hungarian nation.<\/p>\n\n\t\t<\/div>\n\t<\/div>\n<\/div><\/div><\/div><\/div><div class=\"vc_empty_space  height_medium\"   style=\"height: 32px\"><span class=\"vc_empty_space_inner\"><\/span><\/div><div class=\"vc_row wpb_row vc_inner vc_row-fluid\"><div class=\"wpb_column vc_column_container vc_col-sm-6 sc_layouts_column_icons_position_left\"><div class=\"vc_column-inner\"><div class=\"wpb_wrapper\"><a href=\"https:\/\/peregrinus.hu\/en\/csiksomlyo-titkai-a-bucsu-tortenete-es-jelentosege\/\" id=\"sc_button_852717335\" class=\"sc_button color_style_default sc_button_default greenbutton sc_button_size_small sc_button_icon_left\"><span class=\"sc_button_text\"><span class=\"sc_button_title\">RELATED KNOWLEDGE<\/span><\/span><!-- \/.sc_button_text --><\/a><!-- \/.sc_button --><\/div><\/div><\/div><div class=\"wpb_column vc_column_container vc_col-sm-6 sc_layouts_column_icons_position_left\"><div class=\"vc_column-inner\"><div class=\"wpb_wrapper\"><a href=\"https:\/\/www.google.hu\/maps\/place\/Cs%C3%ADksomly%C3%B3,+Cs%C3%ADkszereda,+Rom%C3%A1nia\/@46.3758567,25.8143092,16z\/data=!3m1!4b1!4m6!3m5!1s0x474ad5f3c639c425:0xc656fbeb061a3671!8m2!3d46.3746342!4d25.8162627!16s%2Fm%2F02wypp4?entry=ttu&#038;g_ep=EgoyMDI1MDMyNS4xIKXMDSoASAFQAw%3D%3D\" id=\"sc_button_1050305608\" class=\"sc_button color_style_default sc_button_default greybutton sc_button_size_small sc_button_icon_left\"><span class=\"sc_button_text\"><span class=\"sc_button_title\">DOWNLOAD MAP<\/span><\/span><!-- \/.sc_button_text --><\/a><!-- \/.sc_button --><\/div><\/div><\/div><\/div><div class=\"vc_empty_space  height_medium\"   style=\"height: 32px\"><span class=\"vc_empty_space_inner\"><\/span><\/div><\/div><\/div><\/div><div class=\"wpb_column vc_column_container vc_col-sm-6 sc_layouts_column_icons_position_left\"><div class=\"vc_column-inner\"><div class=\"wpb_wrapper\">\n\t<div  class=\"wpb_single_image wpb_content_element vc_align_center wpb_content_element  radius8\">\n\t\t\n\t\t<figure class=\"wpb_wrapper vc_figure\">\n\t\t\t<div class=\"vc_single_image-wrapper   vc_box_border_grey\"><img loading=\"lazy\" decoding=\"async\" width=\"1920\" height=\"1080\" src=\"https:\/\/peregrinus.hu\/wp-content\/uploads\/2025\/06\/Csiksomlyoi-zarandokut.png\" class=\"vc_single_image-img attachment-full\" alt=\"\" title=\"Pilgrimage to Cs\u00edksomlyo\" srcset=\"https:\/\/peregrinus.hu\/wp-content\/uploads\/2025\/06\/Csiksomlyoi-zarandokut.png 1920w, https:\/\/peregrinus.hu\/wp-content\/uploads\/2025\/06\/Csiksomlyoi-zarandokut-300x169.png 300w, https:\/\/peregrinus.hu\/wp-content\/uploads\/2025\/06\/Csiksomlyoi-zarandokut-1024x576.png 1024w, https:\/\/peregrinus.hu\/wp-content\/uploads\/2025\/06\/Csiksomlyoi-zarandokut-768x432.png 768w, https:\/\/peregrinus.hu\/wp-content\/uploads\/2025\/06\/Csiksomlyoi-zarandokut-1536x864.png 1536w, https:\/\/peregrinus.hu\/wp-content\/uploads\/2025\/06\/Csiksomlyoi-zarandokut-370x208.png 370w, https:\/\/peregrinus.hu\/wp-content\/uploads\/2025\/06\/Csiksomlyoi-zarandokut-760x428.png 760w, https:\/\/peregrinus.hu\/wp-content\/uploads\/2025\/06\/Csiksomlyoi-zarandokut-270x152.png 270w\" sizes=\"auto, (max-width: 1920px) 100vw, 1920px\" \/><\/div>\n\t\t<\/figure>\n\t<\/div>\n<div class=\"vc_empty_space  height_medium\"   style=\"height: 32px\"><span class=\"vc_empty_space_inner\"><\/span><\/div><\/div><\/div><\/div><\/div><div class=\"vc_row wpb_row vc_row-fluid\"><div class=\"wpb_column vc_column_container vc_col-sm-6 sc_layouts_column_icons_position_left\"><div class=\"vc_column-inner\"><div class=\"wpb_wrapper\"><h3 style=\"font-size: 24px;color: #255651;line-height: 32px;text-align: left\" class=\"vc_custom_heading vc_do_custom_heading\" >Way of Mary - Szeklerland section<\/h3><div class=\"vc_empty_space  height_small\"   style=\"height: 32px\"><span class=\"vc_empty_space_inner\"><\/span><\/div><div class=\"vc_row wpb_row vc_inner vc_row-fluid vc_custom_1743522587589\"><div class=\"wpb_column vc_column_container vc_col-sm-4 sc_layouts_column_icons_position_left\"><div class=\"vc_column-inner\"><div class=\"wpb_wrapper\">\n\t<div class=\"wpb_text_column wpb_content_element\" >\n\t\t<div class=\"wpb_wrapper\">\n\t\t\t<p><strong>Distance:<\/strong><\/p>\n\n\t\t<\/div>\n\t<\/div>\n<\/div><\/div><\/div><div class=\"wpb_column vc_column_container vc_col-sm-8 sc_layouts_column_icons_position_left\"><div class=\"vc_column-inner\"><div class=\"wpb_wrapper\">\n\t<div class=\"wpb_text_column wpb_content_element\" >\n\t\t<div class=\"wpb_wrapper\">\n\t\t\t<p>100+ km, can be driven in instalments<\/p>\n\n\t\t<\/div>\n\t<\/div>\n<\/div><\/div><\/div><\/div><div class=\"vc_row wpb_row vc_inner vc_row-fluid vc_custom_1743522591954\"><div class=\"wpb_column vc_column_container vc_col-sm-4 sc_layouts_column_icons_position_left\"><div class=\"vc_column-inner\"><div class=\"wpb_wrapper\">\n\t<div class=\"wpb_text_column wpb_content_element\" >\n\t\t<div class=\"wpb_wrapper\">\n\t\t\t<p><strong>Starting point:<\/strong><\/p>\n\n\t\t<\/div>\n\t<\/div>\n<\/div><\/div><\/div><div class=\"wpb_column vc_column_container vc_col-sm-8 sc_layouts_column_icons_position_left\"><div class=\"vc_column-inner\"><div class=\"wpb_wrapper\">\n\t<div class=\"wpb_text_column wpb_content_element\" >\n\t\t<div class=\"wpb_wrapper\">\n\t\t\t<p>Cs\u00edksomly\u00f3, Mikh\u00e1za, Gheorgheni<\/p>\n\n\t\t<\/div>\n\t<\/div>\n<\/div><\/div><\/div><\/div><div class=\"vc_row wpb_row vc_inner vc_row-fluid vc_custom_1743522596341\"><div class=\"wpb_column vc_column_container vc_col-sm-4 sc_layouts_column_icons_position_left\"><div class=\"vc_column-inner\"><div class=\"wpb_wrapper\">\n\t<div class=\"wpb_text_column wpb_content_element\" >\n\t\t<div class=\"wpb_wrapper\">\n\t\t\t<p><strong>Attractions:<\/strong><\/p>\n\n\t\t<\/div>\n\t<\/div>\n<\/div><\/div><\/div><div class=\"wpb_column vc_column_container vc_col-sm-8 sc_layouts_column_icons_position_left\"><div class=\"vc_column-inner\"><div class=\"wpb_wrapper\">\n\t<div class=\"wpb_text_column wpb_content_element\" >\n\t\t<div class=\"wpb_wrapper\">\n\t\t\t<p>Franciscan monasteries, monasteries, churches, holy wells.<\/p>\n\n\t\t<\/div>\n\t<\/div>\n<\/div><\/div><\/div><\/div><div class=\"vc_row wpb_row vc_inner vc_row-fluid\"><div class=\"wpb_column vc_column_container vc_col-sm-4 sc_layouts_column_icons_position_left\"><div class=\"vc_column-inner\"><div class=\"wpb_wrapper\">\n\t<div class=\"wpb_text_column wpb_content_element\" >\n\t\t<div class=\"wpb_wrapper\">\n\t\t\t<p><strong>Significance:<\/strong><\/p>\n\n\t\t<\/div>\n\t<\/div>\n<\/div><\/div><\/div><div class=\"wpb_column vc_column_container vc_col-sm-8 sc_layouts_column_icons_position_left\"><div class=\"vc_column-inner\"><div class=\"wpb_wrapper\">\n\t<div class=\"wpb_text_column wpb_content_element\" >\n\t\t<div class=\"wpb_wrapper\">\n\t\t\t<p>The Way of Mary connects the most famous Marian Shrines of Central Europe, offering spiritual reflection and a community experience.<\/p>\n\n\t\t<\/div>\n\t<\/div>\n<\/div><\/div><\/div><\/div><div class=\"vc_empty_space  height_medium\"   style=\"height: 32px\"><span class=\"vc_empty_space_inner\"><\/span><\/div><div class=\"vc_row wpb_row vc_inner vc_row-fluid\"><div class=\"wpb_column vc_column_container vc_col-sm-6 sc_layouts_column_icons_position_left\"><div class=\"vc_column-inner\"><div class=\"wpb_wrapper\"><a href=\"#\" id=\"sc_button_1941050680\" class=\"sc_button color_style_default sc_button_default greenbutton sc_button_size_small sc_button_icon_left\"><span class=\"sc_button_text\"><span class=\"sc_button_title\">RELATED KNOWLEDGE<\/span><\/span><!-- \/.sc_button_text --><\/a><!-- \/.sc_button --><\/div><\/div><\/div><div class=\"wpb_column vc_column_container vc_col-sm-6 sc_layouts_column_icons_position_left\"><div class=\"vc_column-inner\"><div class=\"wpb_wrapper\"><a href=\"https:\/\/www.google.com\/maps\/place\/M%C3%A1ria+%C3%9At\/@47.8742739,21.9739027,3a,75y,90t\/data=!3m8!1e2!3m6!1sAF1QipP-s3tnwORE_VwWpOf8CVlsr_bsJ7WIemITywai!2e10!3e12!6shttps:%2F%2Flh3.googleusercontent.com%2Fp%2FAF1QipP-s3tnwORE_VwWpOf8CVlsr_bsJ7WIemITywai%3Dw152-h86-k-no!7i1600!8i900!4m11!1m2!2m1!1zTcOhcmlhIMOadCDigJMgcm9tw6FuaWE!3m7!1s0x47477d484029824d:0xb7db34eb6bb2d469!8m2!3d47.8742739!4d21.9739027!10e5!15sChdNw6FyaWEgw5p0IOKAkyByb23DoW5pYVoVIhNtw6FyaWEgw7p0IHJvbcOhbmlhkgERcGlsZ3JpbWFnZXNfcGxhY2WaASNDaFpEU1VoTk1HOW5TMFZKUTBGblNVTnhhbk5VVFZGbkVBReABAPoBBAgAEEA!16s%2Fg%2F11fkv0lr6v?entry=ttu&#038;g_ep=EgoyMDI1MDMzMC4wIKXMDSoASAFQAw%3D%3D\" id=\"sc_button_328075157\" class=\"sc_button color_style_default sc_button_default greybutton sc_button_size_small sc_button_icon_left\"><span class=\"sc_button_text\"><span class=\"sc_button_title\">DOWNLOAD MAP<\/span><\/span><!-- \/.sc_button_text --><\/a><!-- \/.sc_button --><\/div><\/div><\/div><\/div><div class=\"vc_empty_space  height_medium\"   style=\"height: 32px\"><span class=\"vc_empty_space_inner\"><\/span><\/div><\/div><\/div><\/div><div class=\"wpb_column vc_column_container vc_col-sm-6 sc_layouts_column_icons_position_left\"><div class=\"vc_column-inner\"><div class=\"wpb_wrapper\">\n\t<div  class=\"wpb_single_image wpb_content_element vc_align_center wpb_content_element  radius8\">\n\t\t\n\t\t<figure class=\"wpb_wrapper vc_figure\">\n\t\t\t<div class=\"vc_single_image-wrapper   vc_box_border_grey\"><img loading=\"lazy\" decoding=\"async\" width=\"1920\" height=\"1080\" src=\"https:\/\/peregrinus.hu\/wp-content\/uploads\/2025\/06\/Maria-ut.png\" class=\"vc_single_image-img attachment-full\" alt=\"\" title=\"Mary&#039;s Way\" srcset=\"https:\/\/peregrinus.hu\/wp-content\/uploads\/2025\/06\/Maria-ut.png 1920w, https:\/\/peregrinus.hu\/wp-content\/uploads\/2025\/06\/Maria-ut-300x169.png 300w, https:\/\/peregrinus.hu\/wp-content\/uploads\/2025\/06\/Maria-ut-1024x576.png 1024w, https:\/\/peregrinus.hu\/wp-content\/uploads\/2025\/06\/Maria-ut-768x432.png 768w, https:\/\/peregrinus.hu\/wp-content\/uploads\/2025\/06\/Maria-ut-1536x864.png 1536w, https:\/\/peregrinus.hu\/wp-content\/uploads\/2025\/06\/Maria-ut-370x208.png 370w, https:\/\/peregrinus.hu\/wp-content\/uploads\/2025\/06\/Maria-ut-760x428.png 760w, https:\/\/peregrinus.hu\/wp-content\/uploads\/2025\/06\/Maria-ut-270x152.png 270w\" sizes=\"auto, (max-width: 1920px) 100vw, 1920px\" \/><\/div>\n\t\t<\/figure>\n\t<\/div>\n<div class=\"vc_empty_space  height_medium\"   style=\"height: 32px\"><span class=\"vc_empty_space_inner\"><\/span><\/div><\/div><\/div><\/div><\/div><div class=\"vc_row wpb_row vc_row-fluid\"><div class=\"wpb_column vc_column_container vc_col-sm-6 sc_layouts_column_icons_position_left\"><div class=\"vc_column-inner\"><div class=\"wpb_wrapper\"><h3 style=\"font-size: 24px;color: #255651;line-height: 32px;text-align: left\" class=\"vc_custom_heading vc_do_custom_heading\" >Szent L\u00e1szl\u00f3 Way<\/h3><div class=\"vc_empty_space  height_small\"   style=\"height: 32px\"><span class=\"vc_empty_space_inner\"><\/span><\/div><div class=\"vc_row wpb_row vc_inner vc_row-fluid vc_custom_1743522587589\"><div class=\"wpb_column vc_column_container vc_col-sm-4 sc_layouts_column_icons_position_left\"><div class=\"vc_column-inner\"><div class=\"wpb_wrapper\">\n\t<div class=\"wpb_text_column wpb_content_element\" >\n\t\t<div class=\"wpb_wrapper\">\n\t\t\t<p><strong>Distance:<\/strong><\/p>\n\n\t\t<\/div>\n\t<\/div>\n<\/div><\/div><\/div><div class=\"wpb_column vc_column_container vc_col-sm-8 sc_layouts_column_icons_position_left\"><div class=\"vc_column-inner\"><div class=\"wpb_wrapper\">\n\t<div class=\"wpb_text_column wpb_content_element\" >\n\t\t<div class=\"wpb_wrapper\">\n\t\t\t<p>It is variable, consisting of several phases.<\/p>\n\n\t\t<\/div>\n\t<\/div>\n<\/div><\/div><\/div><\/div><div class=\"vc_row wpb_row vc_inner vc_row-fluid vc_custom_1743522591954\"><div class=\"wpb_column vc_column_container vc_col-sm-4 sc_layouts_column_icons_position_left\"><div class=\"vc_column-inner\"><div class=\"wpb_wrapper\">\n\t<div class=\"wpb_text_column wpb_content_element\" >\n\t\t<div class=\"wpb_wrapper\">\n\t\t\t<p><strong>Starting point:<\/strong><\/p>\n\n\t\t<\/div>\n\t<\/div>\n<\/div><\/div><\/div><div class=\"wpb_column vc_column_container vc_col-sm-8 sc_layouts_column_icons_position_left\"><div class=\"vc_column-inner\"><div class=\"wpb_wrapper\">\n\t<div class=\"wpb_text_column wpb_content_element\" >\n\t\t<div class=\"wpb_wrapper\">\n\t\t\t<p>Various settlements in Szeklerland<\/p>\n\n\t\t<\/div>\n\t<\/div>\n<\/div><\/div><\/div><\/div><div class=\"vc_row wpb_row vc_inner vc_row-fluid vc_custom_1743522596341\"><div class=\"wpb_column vc_column_container vc_col-sm-4 sc_layouts_column_icons_position_left\"><div class=\"vc_column-inner\"><div class=\"wpb_wrapper\">\n\t<div class=\"wpb_text_column wpb_content_element\" >\n\t\t<div class=\"wpb_wrapper\">\n\t\t\t<p><strong>Attractions:<\/strong><\/p>\n\n\t\t<\/div>\n\t<\/div>\n<\/div><\/div><\/div><div class=\"wpb_column vc_column_container vc_col-sm-8 sc_layouts_column_icons_position_left\"><div class=\"vc_column-inner\"><div class=\"wpb_wrapper\">\n\t<div class=\"wpb_text_column wpb_content_element\" >\n\t\t<div class=\"wpb_wrapper\">\n\t\t\t<p>Korondi St. L\u00e1szl\u00f3 Chapel, St. L\u00e1szl\u00f3 Rock.<\/p>\n\n\t\t<\/div>\n\t<\/div>\n<\/div><\/div><\/div><\/div><div class=\"vc_row wpb_row vc_inner vc_row-fluid\"><div class=\"wpb_column vc_column_container vc_col-sm-4 sc_layouts_column_icons_position_left\"><div class=\"vc_column-inner\"><div class=\"wpb_wrapper\">\n\t<div class=\"wpb_text_column wpb_content_element\" >\n\t\t<div class=\"wpb_wrapper\">\n\t\t\t<p><strong>Significance:<\/strong><\/p>\n\n\t\t<\/div>\n\t<\/div>\n<\/div><\/div><\/div><div class=\"wpb_column vc_column_container vc_col-sm-8 sc_layouts_column_icons_position_left\"><div class=\"vc_column-inner\"><div class=\"wpb_wrapper\">\n\t<div class=\"wpb_text_column wpb_content_element\" >\n\t\t<div class=\"wpb_wrapper\">\n\t\t\t<p>A route based on the legends and miracles of King Saint L\u00e1szl\u00f3, which serves to preserve Christian traditions and the Hungarian historical heritage.<\/p>\n\n\t\t<\/div>\n\t<\/div>\n<\/div><\/div><\/div><\/div><div class=\"vc_empty_space  height_medium\"   style=\"height: 32px\"><span class=\"vc_empty_space_inner\"><\/span><\/div><div class=\"vc_row wpb_row vc_inner vc_row-fluid\"><div class=\"wpb_column vc_column_container vc_col-sm-6 sc_layouts_column_icons_position_left\"><div class=\"vc_column-inner\"><div class=\"wpb_wrapper\"><a href=\"#\" id=\"sc_button_1856320430\" class=\"sc_button color_style_default sc_button_default greenbutton sc_button_size_small sc_button_icon_left\"><span class=\"sc_button_text\"><span class=\"sc_button_title\">RELATED KNOWLEDGE<\/span><\/span><!-- \/.sc_button_text --><\/a><!-- \/.sc_button --><\/div><\/div><\/div><div class=\"wpb_column vc_column_container vc_col-sm-6 sc_layouts_column_icons_position_left\"><div class=\"vc_column-inner\"><div class=\"wpb_wrapper\"><a href=\"#\" id=\"sc_button_825642104\" class=\"sc_button color_style_default sc_button_default greybutton sc_button_size_small sc_button_icon_left\"><span class=\"sc_button_text\"><span class=\"sc_button_title\">DOWNLOAD MAP<\/span><\/span><!-- \/.sc_button_text --><\/a><!-- \/.sc_button --><\/div><\/div><\/div><\/div><div class=\"vc_empty_space  height_medium\"   style=\"height: 32px\"><span class=\"vc_empty_space_inner\"><\/span><\/div><\/div><\/div><\/div><div class=\"wpb_column vc_column_container vc_col-sm-6 sc_layouts_column_icons_position_left\"><div class=\"vc_column-inner\"><div class=\"wpb_wrapper\">\n\t<div  class=\"wpb_single_image wpb_content_element vc_align_center wpb_content_element  radius8\">\n\t\t\n\t\t<figure class=\"wpb_wrapper vc_figure\">\n\t\t\t<div class=\"vc_single_image-wrapper   vc_box_border_grey\"><img loading=\"lazy\" decoding=\"async\" width=\"614\" height=\"428\" src=\"https:\/\/peregrinus.hu\/wp-content\/uploads\/2025\/04\/kitolto-zarandok.png\" class=\"vc_single_image-img attachment-full\" alt=\"\" title=\"kitolto-zarandok\" srcset=\"https:\/\/peregrinus.hu\/wp-content\/uploads\/2025\/04\/kitolto-zarandok.png 614w, https:\/\/peregrinus.hu\/wp-content\/uploads\/2025\/04\/kitolto-zarandok-300x209.png 300w, https:\/\/peregrinus.hu\/wp-content\/uploads\/2025\/04\/kitolto-zarandok-370x258.png 370w\" sizes=\"auto, (max-width: 614px) 100vw, 614px\" \/><\/div>\n\t\t<\/figure>\n\t<\/div>\n<div class=\"vc_empty_space  height_medium\"   style=\"height: 32px\"><span class=\"vc_empty_space_inner\"><\/span><\/div><\/div><\/div><\/div><\/div>\n<\/div>","protected":false},"excerpt":{"rendered":"Sz\u00e9kelyf\u00f6ld k\u00fcl\u00f6nleges helyet foglal el a vall\u00e1si turizmus t\u00e9rk\u00e9p\u00e9n. T\u00f6rt\u00e9nelmi kegyhelyei, szakr\u00e1lis eml\u00e9khelyei \u00e9s a zar\u00e1ndoklatok hagyom\u00e1nya mind hozz\u00e1j\u00e1rulnak ahhoz, hogy \u00e9vr\u0151l \u00e9vre egyre t\u00f6bben induljanak \u00fatra, legyen sz\u00f3 lelki elm\u00e9ly\u00fcl\u00e9sr\u0151l, kultur\u00e1lis felfedez\u00e9sr\u0151l vagy k\u00f6z\u00f6ss\u00e9gi \u00e9lm\u00e9nyekr\u0151l. Mi\u00e9rt \u00e9rdemes zar\u00e1ndokolni Sz\u00e9kelyf\u00f6ld\u00f6n? Sz\u00e9kelyf\u00f6ld zar\u00e1ndok\u00fatjai nem csup\u00e1n vall\u00e1si jelent\u0151s\u00e9g\u0171ek, hanem a t\u00e1j sz\u00e9ps\u00e9ge \u00e9s t\u00f6rt\u00e9nelmi \u00f6r\u00f6ks\u00e9ge is k\u00fcl\u00f6nleges \u00e9lm\u00e9nyt k\u00edn\u00e1l. A term\u00e9szet k\u00f6zels\u00e9ge, a hagyom\u00e1nyok meg\u0151rz\u00e9se \u00e9s a helyi k\u00f6z\u00f6ss\u00e9gek vend\u00e9gszeretete mind hozz\u00e1j\u00e1rul ahhoz, hogy a zar\u00e1ndoklat testi \u00e9s lelki felt\u00f6lt\u0151d\u00e9st ny\u00fajtson. Hogyan k\u00e9sz\u00fclj\u00f6n fel egy&hellip;","protected":false},"author":1,"featured_media":1376,"parent":0,"menu_order":0,"comment_status":"closed","ping_status":"closed","template":"","meta":{"_acf_changed":false,"footnotes":""},"class_list":["post-1370","page","type-page","status-publish","has-post-thumbnail","hentry"],"acf":[],"_links":{"self":[{"href":"https:\/\/peregrinus.hu\/en\/wp-json\/wp\/v2\/pages\/1370","targetHints":{"allow":["GET"]}}],"collection":[{"href":"https:\/\/peregrinus.hu\/en\/wp-json\/wp\/v2\/pages"}],"about":[{"href":"https:\/\/peregrinus.hu\/en\/wp-json\/wp\/v2\/types\/page"}],"author":[{"embeddable":true,"href":"https:\/\/peregrinus.hu\/en\/wp-json\/wp\/v2\/users\/1"}],"replies":[{"embeddable":true,"href":"https:\/\/peregrinus.hu\/en\/wp-json\/wp\/v2\/comments?post=1370"}],"version-history":[{"count":34,"href":"https:\/\/peregrinus.hu\/en\/wp-json\/wp\/v2\/pages\/1370\/revisions"}],"predecessor-version":[{"id":1439,"href":"https:\/\/peregrinus.hu\/en\/wp-json\/wp\/v2\/pages\/1370\/revisions\/1439"}],"wp:featuredmedia":[{"embeddable":true,"href":"https:\/\/peregrinus.hu\/en\/wp-json\/wp\/v2\/media\/1376"}],"wp:attachment":[{"href":"https:\/\/peregrinus.hu\/en\/wp-json\/wp\/v2\/media?parent=1370"}],"curies":[{"name":"wp","href":"https:\/\/api.w.org\/{rel}","templated":true}]}}