{"id":39,"date":"2017-03-03T19:09:44","date_gmt":"2017-03-03T19:09:44","guid":{"rendered":"https:\/\/peregrinus.hu\/?page_id=39"},"modified":"2025-07-14T11:35:35","modified_gmt":"2025-07-14T09:35:35","slug":"kapcsolat","status":"publish","type":"page","link":"https:\/\/peregrinus.hu\/en\/kapcsolat\/","title":{"rendered":"Contact"},"content":{"rendered":"<div class=\"wpb-content-wrapper\"><div class=\"vc_row wpb_row vc_row-fluid\"><div class=\"wpb_column vc_column_container vc_col-sm-3 sc_layouts_column_icons_position_left\"><div class=\"vc_column-inner\"><div class=\"wpb_wrapper\"><\/div><\/div><\/div><div class=\"wpb_column vc_column_container vc_col-sm-6 sc_layouts_column_icons_position_left\"><div class=\"vc_column-inner\"><div class=\"wpb_wrapper\"><div class=\"vc_empty_space  height_medium\"   style=\"height: 32px\"><span class=\"vc_empty_space_inner\"><\/span><\/div><div id=\"sc_title_771481667\"\r\n\t\tclass=\"sc_title color_style_default sc_title_default barna fonts32\"><h3 class=\"sc_item_title sc_title_title sc_align_center sc_item_title_style_default\">Contact us if you have questions about our platform!<\/h3><\/div><!-- \/.sc_title --><div class=\"vc_empty_space  height_small\"   style=\"height: 32px\"><span class=\"vc_empty_space_inner\"><\/span><\/div>\n\t<div class=\"wpb_text_column wpb_content_element fonts14\" >\n\t\t<div class=\"wpb_wrapper\">\n\t\t\t<p style=\"text-align: center;\">Our Religious Tourism Platform is a comprehensive online platform that showcases the region's rich religious heritage. The aim of the platform is to collect and present in detail the most important religious tourism sites of Hungarians living abroad, be they ancient churches, monasteries, shrines or pilgrimage routes.<\/p>\n<p style=\"text-align: center;\">The Peregrinus offers valuable information not only for pilgrims and religious tourists, but also for all those who wish to discover the history and architectural treasures of the region in a spiritual journey.<\/p>\n\n\t\t<\/div>\n\t<\/div>\n<div class=\"vc_empty_space  height_small\"   style=\"height: 32px\"><span class=\"vc_empty_space_inner\"><\/span><\/div>\n\t<div  class=\"wpb_single_image wpb_content_element vc_align_center wpb_content_element  radius40\">\n\t\t\n\t\t<figure class=\"wpb_wrapper vc_figure\">\n\t\t\t<div class=\"vc_single_image-wrapper   vc_box_border_grey\"><img loading=\"lazy\" decoding=\"async\" width=\"624\" height=\"326\" src=\"https:\/\/peregrinus.hu\/wp-content\/uploads\/2025\/04\/kapcsola.jpg\" class=\"vc_single_image-img attachment-full\" alt=\"\" title=\"link to\" srcset=\"https:\/\/peregrinus.hu\/wp-content\/uploads\/2025\/04\/kapcsola.jpg 624w, https:\/\/peregrinus.hu\/wp-content\/uploads\/2025\/04\/kapcsola-300x157.jpg 300w, https:\/\/peregrinus.hu\/wp-content\/uploads\/2025\/04\/kapcsola-370x193.jpg 370w\" sizes=\"auto, (max-width: 624px) 100vw, 624px\" \/><\/div>\n\t\t<\/figure>\n\t<\/div>\n<\/div><\/div><\/div><div class=\"wpb_column vc_column_container vc_col-sm-3 sc_layouts_column_icons_position_left\"><div class=\"vc_column-inner\"><div class=\"wpb_wrapper\"><\/div><\/div><\/div><\/div><div class=\"vc_row wpb_row vc_row-fluid\"><div class=\"wpb_column vc_column_container vc_col-sm-3 sc_layouts_column_icons_position_left\"><div class=\"vc_column-inner\"><div class=\"wpb_wrapper\"><\/div><\/div><\/div><div class=\"wpb_column vc_column_container vc_col-sm-6 sc_layouts_column_icons_position_left\"><div class=\"vc_column-inner\"><div class=\"wpb_wrapper\"><div class=\"vc_empty_space  height_medium\"   style=\"height: 32px\"><span class=\"vc_empty_space_inner\"><\/span><\/div><div id=\"sc_title_2012038433\"\r\n\t\tclass=\"sc_title color_style_default sc_title_default fonts32  vc_custom_1743516612714\"><h3 class=\"sc_item_title sc_title_title sc_align_center sc_item_title_style_default\">Contact us for more information<\/h3><\/div><!-- \/.sc_title -->\n<div class=\"wpcf7 no-js\" id=\"wpcf7-f922-o1\" lang=\"en-US\" dir=\"ltr\" data-wpcf7-id=\"922\">\n<div class=\"screen-reader-response\"><p role=\"status\" aria-live=\"polite\" aria-atomic=\"true\"><\/p> <ul><\/ul><\/div>\n<form action=\"\/en\/wp-json\/wp\/v2\/pages\/39#wpcf7-f922-o1\" method=\"post\" class=\"wpcf7-form init\" aria-label=\"Contact form\" novalidate=\"novalidate\" data-status=\"init\" data-trp-original-action=\"\/en\/wp-json\/wp\/v2\/pages\/39#wpcf7-f922-o1\">\n<fieldset class=\"hidden-fields-container\"><input type=\"hidden\" name=\"_wpcf7\" value=\"922\" \/><input type=\"hidden\" name=\"_wpcf7_version\" value=\"6.1.5\" \/><input type=\"hidden\" name=\"_wpcf7_locale\" value=\"en_US\" \/><input type=\"hidden\" name=\"_wpcf7_unit_tag\" value=\"wpcf7-f922-o1\" \/><input type=\"hidden\" name=\"_wpcf7_container_post\" value=\"0\" \/><input type=\"hidden\" name=\"_wpcf7_posted_data_hash\" value=\"\" \/>\n<\/fieldset>\n<div class='itm row' ><span class=\"wpcf7-form-control-wrap\" data-name=\"your-name\"><input size=\"40\" maxlength=\"400\" class=\"wpcf7-form-control wpcf7-text wpcf7-validates-as-required\" aria-required=\"true\" aria-invalid=\"false\" placeholder=\"Name\" value=\"\" type=\"text\" name=\"your-name\" \/><\/span><\/div> \n<div class='itm row'><span class=\"wpcf7-form-control-wrap\" data-name=\"your-email\"><input size=\"40\" maxlength=\"400\" class=\"wpcf7-form-control wpcf7-email wpcf7-validates-as-required wpcf7-text wpcf7-validates-as-email\" aria-required=\"true\" aria-invalid=\"false\" placeholder=\"Email address\" value=\"\" type=\"email\" name=\"your-email\" \/><\/span><\/div>\n<div class=''><span class=\"wpcf7-form-control-wrap\" data-name=\"your-message\"><textarea cols=\"40\" rows=\"10\" maxlength=\"2000\" class=\"wpcf7-form-control wpcf7-textarea wpcf7-validates-as-required\" aria-required=\"true\" aria-invalid=\"false\" placeholder=\"Message to\" name=\"your-message\"><\/textarea><\/span><\/div>\n<div class=\"sc_form_field sc_form_field_button sc_form_field_submit\">\n<input class=\"wpcf7-form-control wpcf7-submit has-spinner\" type=\"submit\" value=\"Send to\" \/><\/div><div class=\"wpcf7-response-output\" aria-hidden=\"true\"><\/div>\n<input type=\"hidden\" name=\"trp-form-language\" value=\"en\"\/><\/form>\n<\/div>\n<div class=\"vc_empty_space  height_biggest\"   style=\"height: 32px\"><span class=\"vc_empty_space_inner\"><\/span><\/div><\/div><\/div><\/div><div class=\"wpb_column vc_column_container vc_col-sm-3 sc_layouts_column_icons_position_left\"><div class=\"vc_column-inner\"><div class=\"wpb_wrapper\"><\/div><\/div><\/div><\/div><div class=\"vc_row wpb_row vc_row-fluid\"><div class=\"wpb_column vc_column_container vc_col-sm-3 sc_layouts_column_icons_position_left\"><div class=\"vc_column-inner\"><div class=\"wpb_wrapper\"><\/div><\/div><\/div><div class=\"wpb_column vc_column_container vc_col-sm-6 sc_layouts_column_icons_position_left\"><div class=\"vc_column-inner\"><div class=\"wpb_wrapper\"><div id=\"sc_title_1948799239\"\r\n\t\tclass=\"sc_title color_style_default sc_title_default barna fonts32\"><h3 class=\"sc_item_title sc_title_title sc_align_center sc_item_title_style_default\">Our special supporters:<\/h3><\/div><!-- \/.sc_title --><div class=\"vc_empty_space  height_medium\"   style=\"height: 32px\"><span class=\"vc_empty_space_inner\"><\/span><\/div>\n\t<div  class=\"wpb_single_image wpb_content_element vc_align_center wpb_content_element\">\n\t\t\n\t\t<figure class=\"wpb_wrapper vc_figure\">\n\t\t\t<div class=\"vc_single_image-wrapper   vc_box_border_grey\"><img decoding=\"async\" class=\"vc_single_image-img\" src=\"https:\/\/peregrinus.hu\/wp-content\/uploads\/2025\/07\/Visit-Covasna_logo-300x75.png\" width=\"300\" height=\"75\" alt=\"Visit Covasna_logo\" title=\"Visit Covasna_logo\" loading=\"lazy\" \/><\/div>\n\t\t<\/figure>\n\t<\/div>\n<div class=\"vc_empty_space  height_medium\"   style=\"height: 32px\"><span class=\"vc_empty_space_inner\"><\/span><\/div>\n\t<div  class=\"wpb_single_image wpb_content_element vc_align_center wpb_content_element  radius40\">\n\t\t\n\t\t<figure class=\"wpb_wrapper vc_figure\">\n\t\t\t<div class=\"vc_single_image-wrapper   vc_box_border_grey\"><img loading=\"lazy\" decoding=\"async\" width=\"2362\" height=\"614\" src=\"https:\/\/peregrinus.hu\/wp-content\/uploads\/2025\/07\/keszult_magyarorszag_korm_tamogatasaval_2024.jpg\" class=\"vc_single_image-img attachment-full\" alt=\"\" title=\"keszult_magyarorszag_korm_tamogatasaval_2024\" srcset=\"https:\/\/peregrinus.hu\/wp-content\/uploads\/2025\/07\/keszult_magyarorszag_korm_tamogatasaval_2024.jpg 2362w, https:\/\/peregrinus.hu\/wp-content\/uploads\/2025\/07\/keszult_magyarorszag_korm_tamogatasaval_2024-300x78.jpg 300w, https:\/\/peregrinus.hu\/wp-content\/uploads\/2025\/07\/keszult_magyarorszag_korm_tamogatasaval_2024-1024x266.jpg 1024w, https:\/\/peregrinus.hu\/wp-content\/uploads\/2025\/07\/keszult_magyarorszag_korm_tamogatasaval_2024-768x200.jpg 768w, https:\/\/peregrinus.hu\/wp-content\/uploads\/2025\/07\/keszult_magyarorszag_korm_tamogatasaval_2024-1536x399.jpg 1536w, https:\/\/peregrinus.hu\/wp-content\/uploads\/2025\/07\/keszult_magyarorszag_korm_tamogatasaval_2024-2048x532.jpg 2048w, https:\/\/peregrinus.hu\/wp-content\/uploads\/2025\/07\/keszult_magyarorszag_korm_tamogatasaval_2024-370x96.jpg 370w, https:\/\/peregrinus.hu\/wp-content\/uploads\/2025\/07\/keszult_magyarorszag_korm_tamogatasaval_2024-760x198.jpg 760w\" sizes=\"auto, (max-width: 2362px) 100vw, 2362px\" \/><\/div>\n\t\t<\/figure>\n\t<\/div>\n<div class=\"vc_empty_space  height_medium\"   style=\"height: 32px\"><span class=\"vc_empty_space_inner\"><\/span><\/div><\/div><\/div><\/div><div class=\"wpb_column vc_column_container vc_col-sm-3 sc_layouts_column_icons_position_left\"><div class=\"vc_column-inner\"><div class=\"wpb_wrapper\"><\/div><\/div><\/div><\/div>\n<\/div>","protected":false},"excerpt":{"rendered":"\u00cdrjon nek\u00fcnk \u00fczenetet, ha k\u00e9rd\u00e9se van platformunkr\u00f3l! Vall\u00e1sturisztikai platformunk egy \u00e1tfog\u00f3 online fel\u00fclet, amely a r\u00e9gi\u00f3 gazdag vall\u00e1si \u00f6r\u00f6ks\u00e9g\u00e9t mutatja be az \u00e9rdekl\u0151d\u0151k sz\u00e1m\u00e1ra. A platform c\u00e9lja, hogy \u00f6sszegy\u0171jtse \u00e9s r\u00e9szletesen bemutassa a k\u00fclhoni magyars\u00e1g legfontosabb vall\u00e1sturisztikai helysz\u00edneit, legyenek azok \u0151si templomok, kolostorok, kegyhelyek vagy zar\u00e1ndokutak. A Peregrinus nemcsak a zar\u00e1ndokok \u00e9s vall\u00e1si \u00e9rdekl\u0151d\u00e9s\u0171 turist\u00e1k sz\u00e1m\u00e1ra ny\u00fajt \u00e9rt\u00e9kes inform\u00e1ci\u00f3kat, hanem mindazok sz\u00e1m\u00e1ra is, akik a t\u00e9rs\u00e9g t\u00f6rt\u00e9nelm\u00e9t \u00e9s \u00e9p\u00edt\u00e9szeti kincseit szeretn\u00e9k felfedezni egy spiritu\u00e1lis utaz\u00e1s keret\u00e9ben. Vegye fel vel\u00fcnk a kapcsolatot K\u00fcl\u00f6nleges t\u00e1mogat\u00f3ink:","protected":false},"author":1,"featured_media":1334,"parent":0,"menu_order":0,"comment_status":"closed","ping_status":"closed","template":"","meta":{"_acf_changed":false,"footnotes":""},"class_list":["post-39","page","type-page","status-publish","has-post-thumbnail","hentry"],"acf":[],"_links":{"self":[{"href":"https:\/\/peregrinus.hu\/en\/wp-json\/wp\/v2\/pages\/39","targetHints":{"allow":["GET"]}}],"collection":[{"href":"https:\/\/peregrinus.hu\/en\/wp-json\/wp\/v2\/pages"}],"about":[{"href":"https:\/\/peregrinus.hu\/en\/wp-json\/wp\/v2\/types\/page"}],"author":[{"embeddable":true,"href":"https:\/\/peregrinus.hu\/en\/wp-json\/wp\/v2\/users\/1"}],"replies":[{"embeddable":true,"href":"https:\/\/peregrinus.hu\/en\/wp-json\/wp\/v2\/comments?post=39"}],"version-history":[{"count":14,"href":"https:\/\/peregrinus.hu\/en\/wp-json\/wp\/v2\/pages\/39\/revisions"}],"predecessor-version":[{"id":1484,"href":"https:\/\/peregrinus.hu\/en\/wp-json\/wp\/v2\/pages\/39\/revisions\/1484"}],"wp:featuredmedia":[{"embeddable":true,"href":"https:\/\/peregrinus.hu\/en\/wp-json\/wp\/v2\/media\/1334"}],"wp:attachment":[{"href":"https:\/\/peregrinus.hu\/en\/wp-json\/wp\/v2\/media?parent=39"}],"curies":[{"name":"wp","href":"https:\/\/api.w.org\/{rel}","templated":true}]}}