{"id":1249,"date":"2025-04-01T05:49:32","date_gmt":"2025-04-01T03:49:32","guid":{"rendered":"https:\/\/peregrinus.hu\/?page_id=1249"},"modified":"2025-06-06T12:41:23","modified_gmt":"2025-06-06T10:41:23","slug":"kiemelt-helyszinek","status":"publish","type":"page","link":"https:\/\/peregrinus.hu\/ro\/kiemelt-helyszinek\/","title":{"rendered":"Site-uri recomandate"},"content":{"rendered":"<div class=\"wpb-content-wrapper\"><div class=\"vc_row wpb_row vc_row-fluid fooldal-kiemelt-helyszines\"><div class=\"wpb_column vc_column_container vc_col-sm-12 sc_layouts_column_icons_position_left\"><div class=\"vc_column-inner\"><div class=\"wpb_wrapper\"><div class=\"vc_empty_space  height_medium\"   style=\"height: 32px\"><span class=\"vc_empty_space_inner\"><\/span><\/div><div id=\"sc_title_956171512\"\r\n\t\tclass=\"sc_title color_style_default sc_title_default\"><h3 class=\"sc_item_title sc_title_title sc_align_center sc_item_title_style_default\">Regiuni<\/h3><\/div><!-- \/.sc_title --><div class=\"vc_empty_space  height_medium\"   style=\"height: 32px\"><span class=\"vc_empty_space_inner\"><\/span><\/div><div class=\"vc_tta-container\" data-vc-action=\"collapse\"><div class=\"vc_general vc_tta vc_tta-tabs vc_tta-color-grey vc_tta-style-classic vc_tta-shape-round vc_tta-spacing-1 vc_tta-o-no-fill vc_tta-tabs-position-top vc_tta-controls-align-center\"><div class=\"vc_tta-tabs-container\"><ul class=\"vc_tta-tabs-list\"><li class=\"vc_tta-tab vc_active\" data-vc-tab><a href=\"#minden-regio\" data-vc-tabs data-vc-container=\".vc_tta\"><span class=\"vc_tta-title-text\">Toate regiunile<\/span><\/a><\/li><li class=\"vc_tta-tab\" data-vc-tab><a href=\"#hargita\" data-vc-tabs data-vc-container=\".vc_tta\"><span class=\"vc_tta-title-text\">Harghita<\/span><\/a><\/li><li class=\"vc_tta-tab\" data-vc-tab><a href=\"#kovaszna\" data-vc-tabs data-vc-container=\".vc_tta\"><span class=\"vc_tta-title-text\">Covasna<\/span><\/a><\/li><li class=\"vc_tta-tab\" data-vc-tab><a href=\"#maros\" data-vc-tabs data-vc-container=\".vc_tta\"><span class=\"vc_tta-title-text\">Maros<\/span><\/a><\/li><\/ul><\/div><div class=\"vc_tta-panels-container\"><div class=\"vc_tta-panels\"><div class=\"vc_tta-panel vc_active\" id=\"minden-regio\" data-vc-content=\".vc_tta-panel-body\"><div class=\"vc_tta-panel-heading\"><h4 class=\"vc_tta-panel-title\"><a href=\"#minden-regio\" data-vc-accordion data-vc-container=\".vc_tta-container\"><span class=\"vc_tta-title-text\">Toate regiunile<\/span><\/a><\/h4><\/div><div class=\"vc_tta-panel-body\"><div id=\"sc_services_1273677306\" class=\"sc_services color_style_default sc_services_default sc_services_featured_top\"><div class=\"sc_services_columns sc_item_columns sc_item_columns_3 trx_addons_columns_wrap columns_padding_bottom\"><div class=\"trx_addons_column-1_3\"><div class=\"sc_services_item without_content with_image sc_services_item_featured_top\">\n\t<div class=\"post_featured with_thumb hover_icon sc_services_item_thumb\"><img loading=\"lazy\" decoding=\"async\" width=\"940\" height=\"910\" src=\"https:\/\/peregrinus.hu\/wp-content\/uploads\/2025\/03\/szh-vartemplom-940x910.jpg\" class=\"attachment-crown_art-thumb-serv size-crown_art-thumb-serv wp-post-image\" alt=\"Sz\u00e9kelyderzsi Unit\u00e1rius V\u00e1rtemplom\" \/><div class=\"mask\"><\/div><div class=\"icons\"><a href=\"https:\/\/peregrinus.hu\/ro\/szekelyderzsi-unitarius-vartemplom\/\" aria-hidden=\"true\" class=\"icon-link-1\"><\/a><\/div><\/div><div class=\"sc_services_item_info\">\n\t\t<div class=\"sc_services_item_header\">\n\t\t\t<h3 class=\"sc_services_item_title\">\n\t\t\t<a href=\"https:\/\/peregrinus.hu\/ro\/szekelyderzsi-unitarius-vartemplom\/\">Biserica Unitarian\u0103 a Castelului din Sz\u00e9kelyderz<\/a>\n\t\t\t<\/h3>\n\t\t<\/div>\n\t\t\t<\/div>\n<\/div>\n<\/div><div class=\"trx_addons_column-1_3\"><div class=\"sc_services_item without_content with_image sc_services_item_featured_top\">\n\t<div class=\"post_featured with_thumb hover_icon sc_services_item_thumb\"><img loading=\"lazy\" decoding=\"async\" width=\"800\" height=\"534\" src=\"https:\/\/peregrinus.hu\/wp-content\/uploads\/2025\/03\/dalnoki-reformatus-templom.jpg\" class=\"attachment-crown_art-thumb-serv size-crown_art-thumb-serv wp-post-image\" alt=\"D\u00e1lnoki reform\u00e1tus templom\" srcset=\"https:\/\/peregrinus.hu\/wp-content\/uploads\/2025\/03\/dalnoki-reformatus-templom.jpg 800w, https:\/\/peregrinus.hu\/wp-content\/uploads\/2025\/03\/dalnoki-reformatus-templom-300x200.jpg 300w, https:\/\/peregrinus.hu\/wp-content\/uploads\/2025\/03\/dalnoki-reformatus-templom-768x513.jpg 768w, https:\/\/peregrinus.hu\/wp-content\/uploads\/2025\/03\/dalnoki-reformatus-templom-370x247.jpg 370w, https:\/\/peregrinus.hu\/wp-content\/uploads\/2025\/03\/dalnoki-reformatus-templom-760x507.jpg 760w\" sizes=\"auto, (max-width: 800px) 100vw, 800px\" \/><div class=\"mask\"><\/div><div class=\"icons\"><a href=\"https:\/\/peregrinus.hu\/ro\/dalnoki-reformatus-templom\/\" aria-hidden=\"true\" class=\"icon-link-1\"><\/a><\/div><\/div><div class=\"sc_services_item_info\">\n\t\t<div class=\"sc_services_item_header\">\n\t\t\t<h3 class=\"sc_services_item_title\">\n\t\t\t<a href=\"https:\/\/peregrinus.hu\/ro\/dalnoki-reformatus-templom\/\">Biserica Reformat\u0103 D\u00e1lnok<\/a>\n\t\t\t<\/h3>\n\t\t<\/div>\n\t\t\t<\/div>\n<\/div>\n<\/div><div class=\"trx_addons_column-1_3\"><div class=\"sc_services_item without_content with_image sc_services_item_featured_top\">\n\t<div class=\"post_featured with_thumb hover_icon sc_services_item_thumb\"><img loading=\"lazy\" decoding=\"async\" width=\"940\" height=\"810\" src=\"https:\/\/peregrinus.hu\/wp-content\/uploads\/2025\/04\/kszt-header-940x810.jpg\" class=\"attachment-crown_art-thumb-serv size-crown_art-thumb-serv wp-post-image\" alt=\"Keresztel\u0151 Szent J\u00e1nos Pl\u00e9b\u00e1nia\" \/><div class=\"mask\"><\/div><div class=\"icons\"><a href=\"https:\/\/peregrinus.hu\/ro\/keresztelo-szent-janos-plebania\/\" aria-hidden=\"true\" class=\"icon-link-1\"><\/a><\/div><\/div><div class=\"sc_services_item_info\">\n\t\t<div class=\"sc_services_item_header\">\n\t\t\t<h3 class=\"sc_services_item_title\">\n\t\t\t<a href=\"https:\/\/peregrinus.hu\/ro\/keresztelo-szent-janos-plebania\/\">Parohia Sf\u00e2ntul Ioan Botez\u0103torul<\/a>\n\t\t\t<\/h3>\n\t\t<\/div>\n\t\t\t<\/div>\n<\/div>\n<\/div><div class=\"trx_addons_column-1_3\"><div class=\"sc_services_item without_content with_image sc_services_item_featured_top\">\n\t<div class=\"post_featured with_thumb hover_icon sc_services_item_thumb\"><img loading=\"lazy\" decoding=\"async\" width=\"940\" height=\"910\" src=\"https:\/\/peregrinus.hu\/wp-content\/uploads\/2025\/06\/Szent-Imre-RKT_VCV_DJI_0980_2048px-940x910.jpg\" class=\"attachment-crown_art-thumb-serv size-crown_art-thumb-serv wp-post-image\" alt=\"Szent Imre r\u00f3mai katolikus m\u0171eml\u00e9ktemplom\" \/><div class=\"mask\"><\/div><div class=\"icons\"><a href=\"https:\/\/peregrinus.hu\/ro\/szent-imre-romai-katolikus-muemlektemplom\/\" aria-hidden=\"true\" class=\"icon-link-1\"><\/a><\/div><\/div><div class=\"sc_services_item_info\">\n\t\t<div class=\"sc_services_item_header\">\n\t\t\t<h3 class=\"sc_services_item_title\">\n\t\t\t<a href=\"https:\/\/peregrinus.hu\/ro\/szent-imre-romai-katolikus-muemlektemplom\/\">Biserica monument romano-catolic\u0103 Sf\u00e2ntul Imre<\/a>\n\t\t\t<\/h3>\n\t\t<\/div>\n\t\t\t<\/div>\n<\/div>\n<\/div><div class=\"trx_addons_column-1_3\"><div class=\"sc_services_item without_content with_image sc_services_item_featured_top\">\n\t<div class=\"post_featured with_thumb hover_icon sc_services_item_thumb\"><img loading=\"lazy\" decoding=\"async\" width=\"940\" height=\"910\" src=\"https:\/\/peregrinus.hu\/wp-content\/uploads\/2025\/06\/VCV_2022_Nagyajtai-vartemplom_0228_web-940x910.jpg\" class=\"attachment-crown_art-thumb-serv size-crown_art-thumb-serv wp-post-image\" alt=\"Unit\u00e1rius v\u00e1rtemplom &#8211; Nagyajta\" \/><div class=\"mask\"><\/div><div class=\"icons\"><a href=\"https:\/\/peregrinus.hu\/ro\/unitarius-vartemplom-nagyajta\/\" aria-hidden=\"true\" class=\"icon-link-1\"><\/a><\/div><\/div><div class=\"sc_services_item_info\">\n\t\t<div class=\"sc_services_item_header\">\n\t\t\t<h3 class=\"sc_services_item_title\">\n\t\t\t<a href=\"https:\/\/peregrinus.hu\/ro\/unitarius-vartemplom-nagyajta\/\">Biserica Unitarian\u0103 - Nagyajta<\/a>\n\t\t\t<\/h3>\n\t\t<\/div>\n\t\t\t<\/div>\n<\/div>\n<\/div><div class=\"trx_addons_column-1_3\"><div class=\"sc_services_item without_content with_image sc_services_item_featured_top\">\n\t<div class=\"post_featured with_thumb hover_icon sc_services_item_thumb\"><img loading=\"lazy\" decoding=\"async\" width=\"940\" height=\"910\" src=\"https:\/\/peregrinus.hu\/wp-content\/uploads\/2025\/06\/VCV_Vartemplom_Sepsi_DJI_0885_2022_2048px-940x910.jpg\" class=\"attachment-crown_art-thumb-serv size-crown_art-thumb-serv wp-post-image\" alt=\"Reform\u00e1tus v\u00e1rtemplom- Sepsiszentgy\u00f6rgy\" \/><div class=\"mask\"><\/div><div class=\"icons\"><a href=\"https:\/\/peregrinus.hu\/ro\/reformatus-vartemplom-sepsiszentgyorgy\/\" aria-hidden=\"true\" class=\"icon-link-1\"><\/a><\/div><\/div><div class=\"sc_services_item_info\">\n\t\t<div class=\"sc_services_item_header\">\n\t\t\t<h3 class=\"sc_services_item_title\">\n\t\t\t<a href=\"https:\/\/peregrinus.hu\/ro\/reformatus-vartemplom-sepsiszentgyorgy\/\">Biserica Reformat\u0103 a Castelului - Sf\u00e2ntu Gheorghe<\/a>\n\t\t\t<\/h3>\n\t\t<\/div>\n\t\t\t<\/div>\n<\/div>\n<\/div><div class=\"trx_addons_column-1_3\"><div class=\"sc_services_item without_content with_image sc_services_item_featured_top\">\n\t<div class=\"post_featured with_thumb hover_icon sc_services_item_thumb\"><img loading=\"lazy\" decoding=\"async\" width=\"665\" height=\"498\" src=\"https:\/\/peregrinus.hu\/wp-content\/uploads\/2025\/06\/esztelneki-kolostor-templom6B35905C-4904-2DFD-F887-7A863D3828AA.jpg\" class=\"attachment-crown_art-thumb-serv size-crown_art-thumb-serv wp-post-image\" alt=\"Ferences templom \u00e9s kolostor- Esztelnek\" srcset=\"https:\/\/peregrinus.hu\/wp-content\/uploads\/2025\/06\/esztelneki-kolostor-templom6B35905C-4904-2DFD-F887-7A863D3828AA.jpg 665w, https:\/\/peregrinus.hu\/wp-content\/uploads\/2025\/06\/esztelneki-kolostor-templom6B35905C-4904-2DFD-F887-7A863D3828AA-300x225.jpg 300w, https:\/\/peregrinus.hu\/wp-content\/uploads\/2025\/06\/esztelneki-kolostor-templom6B35905C-4904-2DFD-F887-7A863D3828AA-370x277.jpg 370w\" sizes=\"auto, (max-width: 665px) 100vw, 665px\" \/><div class=\"mask\"><\/div><div class=\"icons\"><a href=\"https:\/\/peregrinus.hu\/ro\/ferences-templom-es-kolostor-esztelnek\/\" aria-hidden=\"true\" class=\"icon-link-1\"><\/a><\/div><\/div><div class=\"sc_services_item_info\">\n\t\t<div class=\"sc_services_item_header\">\n\t\t\t<h3 class=\"sc_services_item_title\">\n\t\t\t<a href=\"https:\/\/peregrinus.hu\/ro\/ferences-templom-es-kolostor-esztelnek\/\">Biserica \u0219i M\u0103n\u0103stirea Franciscan\u0103- Esztelnek<\/a>\n\t\t\t<\/h3>\n\t\t<\/div>\n\t\t\t<\/div>\n<\/div>\n<\/div><\/div><\/div><!-- \/.sc_services --><\/div><\/div><div class=\"vc_tta-panel\" id=\"hargita\" data-vc-content=\".vc_tta-panel-body\"><div class=\"vc_tta-panel-heading\"><h4 class=\"vc_tta-panel-title\"><a href=\"#hargita\" data-vc-accordion data-vc-container=\".vc_tta-container\"><span class=\"vc_tta-title-text\">Harghita<\/span><\/a><\/h4><\/div><div class=\"vc_tta-panel-body\"><div id=\"sc_services_1348368651\" class=\"sc_services color_style_default sc_services_default sc_services_featured_top\"><div class=\"sc_services_content sc_item_content sc_item_columns_1\"><div class=\"sc_services_item without_content with_image sc_services_item_featured_top\">\n\t<div class=\"post_featured with_thumb hover_icon sc_services_item_thumb\"><img loading=\"lazy\" decoding=\"async\" width=\"940\" height=\"910\" src=\"https:\/\/peregrinus.hu\/wp-content\/uploads\/2025\/03\/szh-vartemplom-940x910.jpg\" class=\"attachment-crown_art-thumb-serv size-crown_art-thumb-serv wp-post-image\" alt=\"Sz\u00e9kelyderzsi Unit\u00e1rius V\u00e1rtemplom\" \/><div class=\"mask\"><\/div><div class=\"icons\"><a href=\"https:\/\/peregrinus.hu\/ro\/szekelyderzsi-unitarius-vartemplom\/\" aria-hidden=\"true\" class=\"icon-link-1\"><\/a><\/div><\/div><div class=\"sc_services_item_info\">\n\t\t<div class=\"sc_services_item_header\">\n\t\t\t<h2 class=\"sc_services_item_title\">\n\t\t\t<a href=\"https:\/\/peregrinus.hu\/ro\/szekelyderzsi-unitarius-vartemplom\/\">Biserica Unitarian\u0103 a Castelului din Sz\u00e9kelyderz<\/a>\n\t\t\t<\/h2>\n\t\t<\/div>\n\t\t\t<\/div>\n<\/div>\n<\/div><\/div><!-- \/.sc_services --><\/div><\/div><div class=\"vc_tta-panel\" id=\"kovaszna\" data-vc-content=\".vc_tta-panel-body\"><div class=\"vc_tta-panel-heading\"><h4 class=\"vc_tta-panel-title\"><a href=\"#kovaszna\" data-vc-accordion data-vc-container=\".vc_tta-container\"><span class=\"vc_tta-title-text\">Covasna<\/span><\/a><\/h4><\/div><div class=\"vc_tta-panel-body\"><div id=\"sc_services_1015845946\" class=\"sc_services color_style_default sc_services_default sc_services_featured_top\"><div class=\"sc_services_columns sc_item_columns sc_item_columns_4 trx_addons_columns_wrap columns_padding_bottom\"><div class=\"trx_addons_column-1_4\"><div class=\"sc_services_item without_content with_image sc_services_item_featured_top\">\n\t<div class=\"post_featured with_thumb hover_icon sc_services_item_thumb\"><img loading=\"lazy\" decoding=\"async\" width=\"800\" height=\"534\" src=\"https:\/\/peregrinus.hu\/wp-content\/uploads\/2025\/03\/dalnoki-reformatus-templom.jpg\" class=\"attachment-crown_art-thumb-serv size-crown_art-thumb-serv wp-post-image\" alt=\"D\u00e1lnoki reform\u00e1tus templom\" srcset=\"https:\/\/peregrinus.hu\/wp-content\/uploads\/2025\/03\/dalnoki-reformatus-templom.jpg 800w, https:\/\/peregrinus.hu\/wp-content\/uploads\/2025\/03\/dalnoki-reformatus-templom-300x200.jpg 300w, https:\/\/peregrinus.hu\/wp-content\/uploads\/2025\/03\/dalnoki-reformatus-templom-768x513.jpg 768w, https:\/\/peregrinus.hu\/wp-content\/uploads\/2025\/03\/dalnoki-reformatus-templom-370x247.jpg 370w, https:\/\/peregrinus.hu\/wp-content\/uploads\/2025\/03\/dalnoki-reformatus-templom-760x507.jpg 760w\" sizes=\"auto, (max-width: 800px) 100vw, 800px\" \/><div class=\"mask\"><\/div><div class=\"icons\"><a href=\"https:\/\/peregrinus.hu\/ro\/dalnoki-reformatus-templom\/\" aria-hidden=\"true\" class=\"icon-link-1\"><\/a><\/div><\/div><div class=\"sc_services_item_info\">\n\t\t<div class=\"sc_services_item_header\">\n\t\t\t<h3 class=\"sc_services_item_title\">\n\t\t\t<a href=\"https:\/\/peregrinus.hu\/ro\/dalnoki-reformatus-templom\/\">Biserica Reformat\u0103 D\u00e1lnok<\/a>\n\t\t\t<\/h3>\n\t\t<\/div>\n\t\t\t<\/div>\n<\/div>\n<\/div><div class=\"trx_addons_column-1_4\"><div class=\"sc_services_item without_content with_image sc_services_item_featured_top\">\n\t<div class=\"post_featured with_thumb hover_icon sc_services_item_thumb\"><img loading=\"lazy\" decoding=\"async\" width=\"940\" height=\"910\" src=\"https:\/\/peregrinus.hu\/wp-content\/uploads\/2025\/06\/Szent-Imre-RKT_VCV_DJI_0980_2048px-940x910.jpg\" class=\"attachment-crown_art-thumb-serv size-crown_art-thumb-serv wp-post-image\" alt=\"Szent Imre r\u00f3mai katolikus m\u0171eml\u00e9ktemplom\" \/><div class=\"mask\"><\/div><div class=\"icons\"><a href=\"https:\/\/peregrinus.hu\/ro\/szent-imre-romai-katolikus-muemlektemplom\/\" aria-hidden=\"true\" class=\"icon-link-1\"><\/a><\/div><\/div><div class=\"sc_services_item_info\">\n\t\t<div class=\"sc_services_item_header\">\n\t\t\t<h3 class=\"sc_services_item_title\">\n\t\t\t<a href=\"https:\/\/peregrinus.hu\/ro\/szent-imre-romai-katolikus-muemlektemplom\/\">Biserica monument romano-catolic\u0103 Sf\u00e2ntul Imre<\/a>\n\t\t\t<\/h3>\n\t\t<\/div>\n\t\t\t<\/div>\n<\/div>\n<\/div><div class=\"trx_addons_column-1_4\"><div class=\"sc_services_item without_content with_image sc_services_item_featured_top\">\n\t<div class=\"post_featured with_thumb hover_icon sc_services_item_thumb\"><img loading=\"lazy\" decoding=\"async\" width=\"940\" height=\"910\" src=\"https:\/\/peregrinus.hu\/wp-content\/uploads\/2025\/06\/VCV_2022_Nagyajtai-vartemplom_0228_web-940x910.jpg\" class=\"attachment-crown_art-thumb-serv size-crown_art-thumb-serv wp-post-image\" alt=\"Unit\u00e1rius v\u00e1rtemplom &#8211; Nagyajta\" \/><div class=\"mask\"><\/div><div class=\"icons\"><a href=\"https:\/\/peregrinus.hu\/ro\/unitarius-vartemplom-nagyajta\/\" aria-hidden=\"true\" class=\"icon-link-1\"><\/a><\/div><\/div><div class=\"sc_services_item_info\">\n\t\t<div class=\"sc_services_item_header\">\n\t\t\t<h3 class=\"sc_services_item_title\">\n\t\t\t<a href=\"https:\/\/peregrinus.hu\/ro\/unitarius-vartemplom-nagyajta\/\">Biserica Unitarian\u0103 - Nagyajta<\/a>\n\t\t\t<\/h3>\n\t\t<\/div>\n\t\t\t<\/div>\n<\/div>\n<\/div><div class=\"trx_addons_column-1_4\"><div class=\"sc_services_item without_content with_image sc_services_item_featured_top\">\n\t<div class=\"post_featured with_thumb hover_icon sc_services_item_thumb\"><img loading=\"lazy\" decoding=\"async\" width=\"940\" height=\"910\" src=\"https:\/\/peregrinus.hu\/wp-content\/uploads\/2025\/06\/VCV_Vartemplom_Sepsi_DJI_0885_2022_2048px-940x910.jpg\" class=\"attachment-crown_art-thumb-serv size-crown_art-thumb-serv wp-post-image\" alt=\"Reform\u00e1tus v\u00e1rtemplom- Sepsiszentgy\u00f6rgy\" \/><div class=\"mask\"><\/div><div class=\"icons\"><a href=\"https:\/\/peregrinus.hu\/ro\/reformatus-vartemplom-sepsiszentgyorgy\/\" aria-hidden=\"true\" class=\"icon-link-1\"><\/a><\/div><\/div><div class=\"sc_services_item_info\">\n\t\t<div class=\"sc_services_item_header\">\n\t\t\t<h3 class=\"sc_services_item_title\">\n\t\t\t<a href=\"https:\/\/peregrinus.hu\/ro\/reformatus-vartemplom-sepsiszentgyorgy\/\">Biserica Reformat\u0103 a Castelului - Sf\u00e2ntu Gheorghe<\/a>\n\t\t\t<\/h3>\n\t\t<\/div>\n\t\t\t<\/div>\n<\/div>\n<\/div><div class=\"trx_addons_column-1_4\"><div class=\"sc_services_item without_content with_image sc_services_item_featured_top\">\n\t<div class=\"post_featured with_thumb hover_icon sc_services_item_thumb\"><img loading=\"lazy\" decoding=\"async\" width=\"665\" height=\"498\" src=\"https:\/\/peregrinus.hu\/wp-content\/uploads\/2025\/06\/esztelneki-kolostor-templom6B35905C-4904-2DFD-F887-7A863D3828AA.jpg\" class=\"attachment-crown_art-thumb-serv size-crown_art-thumb-serv wp-post-image\" alt=\"Ferences templom \u00e9s kolostor- Esztelnek\" srcset=\"https:\/\/peregrinus.hu\/wp-content\/uploads\/2025\/06\/esztelneki-kolostor-templom6B35905C-4904-2DFD-F887-7A863D3828AA.jpg 665w, https:\/\/peregrinus.hu\/wp-content\/uploads\/2025\/06\/esztelneki-kolostor-templom6B35905C-4904-2DFD-F887-7A863D3828AA-300x225.jpg 300w, https:\/\/peregrinus.hu\/wp-content\/uploads\/2025\/06\/esztelneki-kolostor-templom6B35905C-4904-2DFD-F887-7A863D3828AA-370x277.jpg 370w\" sizes=\"auto, (max-width: 665px) 100vw, 665px\" \/><div class=\"mask\"><\/div><div class=\"icons\"><a href=\"https:\/\/peregrinus.hu\/ro\/ferences-templom-es-kolostor-esztelnek\/\" aria-hidden=\"true\" class=\"icon-link-1\"><\/a><\/div><\/div><div class=\"sc_services_item_info\">\n\t\t<div class=\"sc_services_item_header\">\n\t\t\t<h3 class=\"sc_services_item_title\">\n\t\t\t<a href=\"https:\/\/peregrinus.hu\/ro\/ferences-templom-es-kolostor-esztelnek\/\">Biserica \u0219i M\u0103n\u0103stirea Franciscan\u0103- Esztelnek<\/a>\n\t\t\t<\/h3>\n\t\t<\/div>\n\t\t\t<\/div>\n<\/div>\n<\/div><\/div><\/div><!-- \/.sc_services --><\/div><\/div><div class=\"vc_tta-panel\" id=\"maros\" data-vc-content=\".vc_tta-panel-body\"><div class=\"vc_tta-panel-heading\"><h4 class=\"vc_tta-panel-title\"><a href=\"#maros\" data-vc-accordion data-vc-container=\".vc_tta-container\"><span class=\"vc_tta-title-text\">Maros<\/span><\/a><\/h4><\/div><div class=\"vc_tta-panel-body\"><div id=\"sc_services_816154350\" class=\"sc_services color_style_default sc_services_default sc_services_featured_top\"><div class=\"sc_services_columns sc_item_columns sc_item_columns_3 trx_addons_columns_wrap columns_padding_bottom\"><div class=\"trx_addons_column-1_3\"><div class=\"sc_services_item without_content with_image sc_services_item_featured_top\">\n\t<div class=\"post_featured with_thumb hover_icon sc_services_item_thumb\"><img loading=\"lazy\" decoding=\"async\" width=\"940\" height=\"810\" src=\"https:\/\/peregrinus.hu\/wp-content\/uploads\/2025\/04\/kszt-header-940x810.jpg\" class=\"attachment-crown_art-thumb-serv size-crown_art-thumb-serv wp-post-image\" alt=\"Keresztel\u0151 Szent J\u00e1nos Pl\u00e9b\u00e1nia\" \/><div class=\"mask\"><\/div><div class=\"icons\"><a href=\"https:\/\/peregrinus.hu\/ro\/keresztelo-szent-janos-plebania\/\" aria-hidden=\"true\" class=\"icon-link-1\"><\/a><\/div><\/div><div class=\"sc_services_item_info\">\n\t\t<div class=\"sc_services_item_header\">\n\t\t\t<h3 class=\"sc_services_item_title\">\n\t\t\t<a href=\"https:\/\/peregrinus.hu\/ro\/keresztelo-szent-janos-plebania\/\">Parohia Sf\u00e2ntul Ioan Botez\u0103torul<\/a>\n\t\t\t<\/h3>\n\t\t<\/div>\n\t\t\t<\/div>\n<\/div>\n<\/div><\/div><\/div><!-- \/.sc_services --><\/div><\/div><\/div><\/div><\/div><\/div><div class=\"vc_empty_space  vc_custom_1743557491079 height_small\"   style=\"height: 32px\"><span class=\"vc_empty_space_inner\"><\/span><\/div><\/div><\/div><\/div><\/div>\n<\/div>","protected":false},"excerpt":{"rendered":"Parohia Sf\u00e2ntul Ioan Botez\u0103torul, mai cunoscut\u0103 ca Biserica Prietenilor, este una dintre cele mai vechi \u0219i importante biserici romano-catolice din T\u00e2rgu Mure\u0219. Situat\u0103 \u00een centrul ora\u0219ului, \u00een pia\u021ba principal\u0103, biserica este asociat\u0103 cu Ordinul Franciscan \u0219i a jucat un rol important \u00een via\u021ba catolic\u0103 timp de secole. Biserica dateaz\u0103 din secolul al XVIII-lea, c\u00e2nd c\u0103lug\u0103rii franciscani au construit o nou\u0103 biseric\u0103 baroc\u0103 pe locul unei biserici medievale anterioare. Ordinul a jucat un rol semnificativ \u00een via\u021ba religioas\u0103 din T\u00e2rgu Mure\u0219 pentru a p\u0103stra religia catolic\u0103. Biserica a fost construit\u0103 \u00eentre 1741 \u0219i 1750, \u00een principal...","protected":false},"author":1,"featured_media":1250,"parent":0,"menu_order":0,"comment_status":"closed","ping_status":"closed","template":"","meta":{"_acf_changed":false,"footnotes":""},"class_list":["post-1249","page","type-page","status-publish","has-post-thumbnail","hentry"],"acf":[],"_links":{"self":[{"href":"https:\/\/peregrinus.hu\/ro\/wp-json\/wp\/v2\/pages\/1249","targetHints":{"allow":["GET"]}}],"collection":[{"href":"https:\/\/peregrinus.hu\/ro\/wp-json\/wp\/v2\/pages"}],"about":[{"href":"https:\/\/peregrinus.hu\/ro\/wp-json\/wp\/v2\/types\/page"}],"author":[{"embeddable":true,"href":"https:\/\/peregrinus.hu\/ro\/wp-json\/wp\/v2\/users\/1"}],"replies":[{"embeddable":true,"href":"https:\/\/peregrinus.hu\/ro\/wp-json\/wp\/v2\/comments?post=1249"}],"version-history":[{"count":10,"href":"https:\/\/peregrinus.hu\/ro\/wp-json\/wp\/v2\/pages\/1249\/revisions"}],"predecessor-version":[{"id":1460,"href":"https:\/\/peregrinus.hu\/ro\/wp-json\/wp\/v2\/pages\/1249\/revisions\/1460"}],"wp:featuredmedia":[{"embeddable":true,"href":"https:\/\/peregrinus.hu\/ro\/wp-json\/wp\/v2\/media\/1250"}],"wp:attachment":[{"href":"https:\/\/peregrinus.hu\/ro\/wp-json\/wp\/v2\/media?parent=1249"}],"curies":[{"name":"wp","href":"https:\/\/api.w.org\/{rel}","templated":true}]}}