{"id":1592,"date":"2026-04-29T00:50:54","date_gmt":"2026-04-28T22:50:54","guid":{"rendered":"https:\/\/peregrinus.hu\/?page_id=1592"},"modified":"2026-04-29T01:17:00","modified_gmt":"2026-04-28T23:17:00","slug":"egyhazkozossegek","status":"publish","type":"page","link":"https:\/\/peregrinus.hu\/ro\/egyhazkozossegek\/","title":{"rendered":"Parohii"},"content":{"rendered":"<div class=\"wpb-content-wrapper\"><div class=\"vc_row wpb_row vc_row-fluid vc_custom_1777416641967\"><div class=\"wpb_column vc_column_container vc_col-sm-12 sc_layouts_column_icons_position_left\"><div class=\"vc_column-inner\"><div class=\"wpb_wrapper\"><div class=\"vc_tta-container\" data-vc-action=\"collapseAll\"><div class=\"vc_general vc_tta vc_tta-accordion vc_tta-color-grey vc_tta-style-modern vc_tta-shape-rounded vc_tta-o-shape-group vc_tta-controls-align-default vc_tta-o-all-clickable\"><div class=\"vc_tta-panels-container\"><div class=\"vc_tta-panels\"><div class=\"vc_tta-panel vc_active\" id=\"1777416136580-5b35eaeb-e5cf\" data-vc-content=\".vc_tta-panel-body\"><div class=\"vc_tta-panel-heading\"><h4 class=\"vc_tta-panel-title vc_tta-controls-icon-position-left\"><a href=\"#1777416136580-5b35eaeb-e5cf\" data-vc-accordion data-vc-container=\".vc_tta-container\"><span class=\"vc_tta-title-text\">Jude\u021bul Covasna<\/span><i class=\"vc_tta-controls-icon vc_tta-controls-icon-plus\"><\/i><\/a><\/h4><\/div><div class=\"vc_tta-panel-body\"><div class=\"vc_row wpb_row vc_inner vc_row-fluid\"><div class=\"wpb_column vc_column_container vc_col-sm-12 sc_layouts_column_icons_position_left\"><div class=\"vc_column-inner\"><div class=\"wpb_wrapper\">\n\t<div class=\"wpb_text_column wpb_content_element vc_custom_1777417932377\" >\n\t\t<div class=\"wpb_wrapper\">\n\t\t\t<h4>Parohia reformat\u0103 Bar\u00e1tosi<\/h4>\n<p data-start=\"367\" data-end=\"649\"><strong data-start=\"411\" data-end=\"421\">Email:<\/strong> <a class=\"decorated-link cursor-pointer\" rel=\"noopener\" data-start=\"422\" data-end=\"442\">office@refbaratos.eu<\/a><br data-start=\"442\" data-end=\"445\" \/><strong data-start=\"445\" data-end=\"457\">Telefon:<\/strong> +40 744 802 093<br data-start=\"473\" data-end=\"476\" \/><strong data-start=\"476\" data-end=\"489\">Website:<\/strong> <a class=\"decorated-link\" href=\"https:\/\/www.refbaratos.eu?utm_source=chatgpt.com\" target=\"_new\" rel=\"noopener\" data-start=\"490\" data-end=\"515\">https:\/\/www.refbaratos.eu<\/a><br data-start=\"515\" data-end=\"518\" \/><strong data-start=\"518\" data-end=\"526\">Titlu:<\/strong> Bar\u00e1tos, Strada Parohiei 214., Jude\u021bul Covasna, Rom\u00e2nia <br data-start=\"616\" data-end=\"619\" \/><strong data-start=\"619\" data-end=\"647\">Ore de deschidere \/ ocazii:<\/strong><\/p>\n<ul data-start=\"650\" data-end=\"722\">\n<li data-section-id=\"1w9cbxc\" data-start=\"650\" data-end=\"722\">Serviciul de duminic\u0103: 11:00<\/li>\n<\/ul>\n\n\t\t<\/div>\n\t<\/div>\n<div class=\"vc_separator wpb_content_element vc_separator_align_center vc_sep_width_100 vc_sep_pos_align_center vc_separator_no_text vc_sep_color_grey wpb_content_element  wpb_content_element\" ><span class=\"vc_sep_holder vc_sep_holder_l\"><span class=\"vc_sep_line\"><\/span><\/span><span class=\"vc_sep_holder vc_sep_holder_r\"><span class=\"vc_sep_line\"><\/span><\/span>\n<\/div>\n\t<div class=\"wpb_text_column wpb_content_element vc_custom_1777417939189\" >\n\t\t<div class=\"wpb_wrapper\">\n\t\t\t<h4>Parohia Reformat\u0103 din Sf\u00e2ntu Gheorghe<\/h4>\n<p data-start=\"257\" data-end=\"509\"><strong data-start=\"319\" data-end=\"329\">Email:<\/strong> <a class=\"decorated-link cursor-pointer\" rel=\"noopener\" data-start=\"330\" data-end=\"346\">info@refsepsi.ro<\/a><br data-start=\"346\" data-end=\"349\" \/><strong data-start=\"349\" data-end=\"361\">Telefon:<\/strong> +40 267 312 455<br data-start=\"377\" data-end=\"380\" \/><strong data-start=\"380\" data-end=\"393\">Website:<\/strong> <a class=\"decorated-link cursor-pointer\" target=\"_new\" rel=\"noopener\" data-start=\"394\" data-end=\"413\">https:\/\/refsepsi.ro<\/a><br data-start=\"413\" data-end=\"416\" \/><strong data-start=\"416\" data-end=\"424\">Titlu:<\/strong> Pia\u021ba Libert\u0103\u021bii 1., Sf\u00e2ntu Gheorghe, jude\u021bul Covasna<br data-start=\"478\" data-end=\"481\" \/><strong data-start=\"481\" data-end=\"509\">Ore de deschidere \/ ocazii:<\/strong><\/p>\n<ul data-start=\"510\" data-end=\"544\">\n<li data-section-id=\"1rth5ks\" data-start=\"510\" data-end=\"544\">Serviciul de duminic\u0103: 10:00<\/li>\n<\/ul>\n\n\t\t<\/div>\n\t<\/div>\n<div class=\"vc_separator wpb_content_element vc_separator_align_center vc_sep_width_100 vc_sep_pos_align_center vc_separator_no_text vc_sep_color_grey wpb_content_element  wpb_content_element\" ><span class=\"vc_sep_holder vc_sep_holder_l\"><span class=\"vc_sep_line\"><\/span><\/span><span class=\"vc_sep_holder vc_sep_holder_r\"><span class=\"vc_sep_line\"><\/span><\/span>\n<\/div>\n\t<div class=\"wpb_text_column wpb_content_element vc_custom_1777417954407\" >\n\t\t<div class=\"wpb_wrapper\">\n\t\t\t<h4>Sf\u00e2ntu Gheorghe - Parohia Hristos Regele<\/h4>\n<p data-start=\"257\" data-end=\"509\"><strong data-start=\"692\" data-end=\"704\">Telefon:<\/strong> +40 267 351 504<br data-start=\"720\" data-end=\"723\" \/><strong data-start=\"723\" data-end=\"736\">Website:<\/strong> <a class=\"decorated-link cursor-pointer\" target=\"_new\" rel=\"noopener\" data-start=\"737\" data-end=\"762\">https:\/\/krisztuskiraly.ro<\/a><br data-start=\"762\" data-end=\"765\" \/><strong data-start=\"765\" data-end=\"773\">Titlu:<\/strong> Strada G\u00e1bor \u00c1ron nr. 14, Sf\u00e2ntu Gheorghe<\/p>\n\n\t\t<\/div>\n\t<\/div>\n<div class=\"vc_separator wpb_content_element vc_separator_align_center vc_sep_width_100 vc_sep_pos_align_center vc_separator_no_text vc_sep_color_grey wpb_content_element  wpb_content_element\" ><span class=\"vc_sep_holder vc_sep_holder_l\"><span class=\"vc_sep_line\"><\/span><\/span><span class=\"vc_sep_holder vc_sep_holder_r\"><span class=\"vc_sep_line\"><\/span><\/span>\n<\/div>\n\t<div class=\"wpb_text_column wpb_content_element vc_custom_1777417965701\" >\n\t\t<div class=\"wpb_wrapper\">\n\t\t\t<h4>Sf\u00e2ntu Gheorghe II - Parohia Reformat\u0103 Semerja<\/h4>\n<p><strong data-start=\"799\" data-end=\"809\">Email:<\/strong> <a class=\"decorated-link cursor-pointer\" rel=\"noopener\" data-start=\"810\" data-end=\"828\">refincze@gmail.com<\/a><br data-start=\"828\" data-end=\"831\" \/><strong data-start=\"831\" data-end=\"843\">Telefon:<\/strong> +40 745 165 710<br data-start=\"859\" data-end=\"862\" \/><strong data-start=\"862\" data-end=\"875\">Website:<\/strong> <a class=\"decorated-link\" href=\"https:\/\/reformatus.ro\" target=\"_new\" rel=\"noopener\" data-start=\"876\" data-end=\"897\">https:\/\/reformatus.ro<\/a><br data-start=\"897\" data-end=\"900\" \/><strong data-start=\"900\" data-end=\"908\">Titlu:<\/strong> Str. 21. D\u00f3zsa Gy\u00f6rgy, Sf\u00e2ntu Gheorghe, jude\u021bul Covasna<\/p>\n\n\t\t<\/div>\n\t<\/div>\n<div class=\"vc_separator wpb_content_element vc_separator_align_center vc_sep_width_100 vc_sep_pos_align_center vc_separator_no_text vc_sep_color_grey wpb_content_element  wpb_content_element\" ><span class=\"vc_sep_holder vc_sep_holder_l\"><span class=\"vc_sep_line\"><\/span><\/span><span class=\"vc_sep_holder vc_sep_holder_r\"><span class=\"vc_sep_line\"><\/span><\/span>\n<\/div><\/div><\/div><\/div><\/div><\/div><\/div><div class=\"vc_tta-panel\" id=\"1777416136588-76b7b749-6992\" data-vc-content=\".vc_tta-panel-body\"><div class=\"vc_tta-panel-heading\"><h4 class=\"vc_tta-panel-title vc_tta-controls-icon-position-left\"><a href=\"#1777416136588-76b7b749-6992\" data-vc-accordion data-vc-container=\".vc_tta-container\"><span class=\"vc_tta-title-text\">Jude\u021bul Harghita<\/span><i class=\"vc_tta-controls-icon vc_tta-controls-icon-plus\"><\/i><\/a><\/h4><\/div><div class=\"vc_tta-panel-body\">\n\t<div class=\"wpb_text_column wpb_content_element vc_custom_1777417547455\" >\n\t\t<div class=\"wpb_wrapper\">\n\t\t\t<h4>Parohia Sf\u00e2ntul Ioan Botez\u0103torul<\/h4>\n<p data-start=\"367\" data-end=\"649\"><strong data-start=\"1380\" data-end=\"1388\">Nume:<\/strong> Parohia Sf\u00e2ntul Ioan Botez\u0103torul<br data-start=\"1420\" data-end=\"1423\" \/><strong data-start=\"1423\" data-end=\"1433\">Email:<\/strong> <a class=\"decorated-link cursor-pointer\" rel=\"noopener\" data-start=\"1434\" data-end=\"1473\">plebania.kereszteloszentjanos@gmail.com<\/a><br data-start=\"1473\" data-end=\"1476\" \/><strong data-start=\"1476\" data-end=\"1488\">Telefon:<\/strong> +40 266 333 723<br data-start=\"1540\" data-end=\"1543\" \/><strong data-start=\"1543\" data-end=\"1551\">Titlu:<\/strong> Cs\u00edkdelne 148., Jude\u021bul Harghita, Rom\u00e2nia<\/p>\n\n\t\t<\/div>\n\t<\/div>\n<\/div><\/div><\/div><\/div><\/div><\/div><\/div><\/div><\/div><\/div>\n<\/div>","protected":false},"excerpt":{"rendered":"Kov\u00e1szna megye Bar\u00e1tosi Reform\u00e1tus Egyh\u00e1zk\u00f6zs\u00e9g Email: office@refbaratos.euTelefon: +40 744 802 093Weboldal: https:\/\/www.refbaratos.euC\u00edm: Bar\u00e1tos, Par\u00f3kia utca 214., Kov\u00e1szna megye, Rom\u00e1nia Nyitvatart\u00e1s \/ alkalmak: Vas\u00e1rnap istentisztelet: 11:00 Sepsiszentgy\u00f6rgyi Reform\u00e1tus Egyh\u00e1zk\u00f6zs\u00e9g Email: info@refsepsi.roTelefon: +40 267 312 455Weboldal: https:\/\/refsepsi.roC\u00edm: Pia\u021ba Libert\u0103\u021bii 1., Sepsiszentgy\u00f6rgy, Kov\u00e1szna megyeNyitvatart\u00e1s \/ alkalmak: Vas\u00e1rnap istentisztelet: 10:00 Sepsiszentgy\u00f6rgy \u2013 Krisztus Kir\u00e1ly Pl\u00e9b\u00e1nia Telefon: +40 267 351 504Weboldal: https:\/\/krisztuskiraly.roC\u00edm: Str. G\u00e1bor \u00c1ron 14., Sepsiszentgy\u00f6rgy Sepsiszentgy\u00f6rgy II. \u2013 Szemerjai Reform\u00e1tus Egyh\u00e1zk\u00f6zs\u00e9g Email: refincze@gmail.comTelefon: +40 745 165 710Weboldal: https:\/\/reformatus.roC\u00edm: Str. D\u00f3zsa Gy\u00f6rgy 21., Sepsiszentgy\u00f6rgy, Kov\u00e1szna megye Hargita&hellip;","protected":false},"author":990002,"featured_media":1319,"parent":0,"menu_order":0,"comment_status":"closed","ping_status":"closed","template":"","meta":{"_acf_changed":false,"footnotes":""},"class_list":["post-1592","page","type-page","status-publish","has-post-thumbnail","hentry"],"acf":[],"_links":{"self":[{"href":"https:\/\/peregrinus.hu\/ro\/wp-json\/wp\/v2\/pages\/1592","targetHints":{"allow":["GET"]}}],"collection":[{"href":"https:\/\/peregrinus.hu\/ro\/wp-json\/wp\/v2\/pages"}],"about":[{"href":"https:\/\/peregrinus.hu\/ro\/wp-json\/wp\/v2\/types\/page"}],"author":[{"embeddable":true,"href":"https:\/\/peregrinus.hu\/ro\/wp-json\/wp\/v2\/users\/990002"}],"replies":[{"embeddable":true,"href":"https:\/\/peregrinus.hu\/ro\/wp-json\/wp\/v2\/comments?post=1592"}],"version-history":[{"count":15,"href":"https:\/\/peregrinus.hu\/ro\/wp-json\/wp\/v2\/pages\/1592\/revisions"}],"predecessor-version":[{"id":1611,"href":"https:\/\/peregrinus.hu\/ro\/wp-json\/wp\/v2\/pages\/1592\/revisions\/1611"}],"wp:featuredmedia":[{"embeddable":true,"href":"https:\/\/peregrinus.hu\/ro\/wp-json\/wp\/v2\/media\/1319"}],"wp:attachment":[{"href":"https:\/\/peregrinus.hu\/ro\/wp-json\/wp\/v2\/media?parent=1592"}],"curies":[{"name":"wp","href":"https:\/\/api.w.org\/{rel}","templated":true}]}}